{"id":18529,"date":"2024-03-01T09:42:38","date_gmt":"2024-03-01T08:42:38","guid":{"rendered":"https:\/\/www.diemmeoffice.com\/?page_id=18529"},"modified":"2026-03-17T16:09:48","modified_gmt":"2026-03-17T15:09:48","slug":"bezuge","status":"publish","type":"page","link":"https:\/\/www.diemmeoffice.com\/de\/bezuge\/","title":{"rendered":"BEZ\u00dcGE"},"content":{"rendered":"<div class=\"wpb-content-wrapper\"><p>[vc_row full_width=&#8220;stretch_row_content&#8220; bg_type=&#8220;image&#8220; parallax_style=&#8220;vcpb-vz-jquery&#8220; bg_image_new=&#8220;id^17975|url^https:\/\/www.diemmeoffice.com\/wp-content\/uploads\/2024\/03\/upholstery.jpg|caption^null|alt^upholstery|title^upholstery|description^upholstery&#8220; bg_image_repeat=&#8220;no-repeat&#8220; bg_image_size=&#8220;initial&#8220;][vc_column]<div class=\"ult-spacer spacer-69e499c3341f6\" data-id=\"69e499c3341f6\" data-height=\"450\" data-height-mobile=\"300\" data-height-tab=\"450\" data-height-tab-portrait=\"450\" data-height-mobile-landscape=\"300\" style=\"clear:both;display:block;\"><\/div>[\/vc_column][\/vc_row][vc_row][vc_column][vc_empty_space height=&#8220;100px&#8220; el_class=&#8220;sostenibilita&#8220;][vc_row_inner][vc_column_inner offset=&#8220;vc_col-lg-offset-2 vc_col-lg-8 vc_col-md-offset-2 vc_col-md-8&#8243;][vc_custom_heading text=&#8220;BEZ\u00dcGE UND OBERFL\u00c4CHENVERARBEITUNGEN&#8220; font_container=&#8220;tag:h4|text_align:left&#8220; use_theme_fonts=&#8220;yes&#8220; css=&#8220;&#8220; el_class=&#8220;text-uppercase subtitles&#8220;][vc_custom_heading text=&#8220;ENDLOSE KOMBINATIONEN.<br \/>\nF\u00dcR EINZIGARTIGE UND UNVERGESSLICHE UMGEBUNGEN.&#8220; use_theme_fonts=&#8220;yes&#8220; css=&#8220;&#8220; el_class=&#8220;titles&#8220;][vc_column_text css=&#8220;&#8220; el_class=&#8220;lead&#8220;]Entdecken Sie unseren vielseitigen Katalog \u201eUpholstery\u201c, eine einzigartige Kollektion, die eine Vielzahl von Stoffen, Leder und Materialien umfasst.[\/vc_column_text][vc_column_text css=&#8220;&#8220;]Von leuchtenden Farbt\u00f6nen bis hin zu unverwechselbaren Mustern finden Sie bei Diemme eine schier unendliche Auswahl an individuellen Gestaltungsm\u00f6glichkeiten, um au\u00dfergew\u00f6hnlich ausdrucksstarke Innenr\u00e4ume voller Pers\u00f6nlichkeit und Stil zu schaffen.[\/vc_column_text][\/vc_column_inner][\/vc_row_inner][vc_single_image image=&#8220;22516&#8243; img_size=&#8220;full&#8220; alignment=&#8220;center&#8220; css_animation=&#8220;fadeIn&#8220; css=&#8220;&#8220;][vc_row_inner][vc_column_inner offset=&#8220;vc_col-lg-offset-2 vc_col-lg-8 vc_col-md-offset-2 vc_col-md-8&#8243;][vc_column_text css=&#8220;&#8220;]Entdecken Sie unseren neuen Polsterkatalog: In dieser Ausgabe haben wir die Art und Weise, wie wir Farben pr\u00e4sentieren, revolutioniert, indem wir gr\u00f6\u00dfere Stoffmuster gew\u00e4hlt haben, durch die Sie die Qualit\u00e4t der einzelnen Texturen anfassen und f\u00fchlen k\u00f6nnen. Heben Sie jedes Muster an und entdecken Sie den Unterschied, den nur Diemme bieten kann.<\/p>\n<p>Au\u00dferdem finden Sie auf der R\u00fcckseite jedes Modells ein detailliertes technisches Datenblatt, das Sie \u00fcber die Zusammensetzung, die Pflege, die Wartung und die Zertifizierungen jedes Stoffes informiert und Ihnen so die Auswahl erleichtert.[\/vc_column_text][vc_btn title=&#8220;KATALOG BEZ\u00dcGE 2026 HERUNTERLADEN \u203a&#8220; style=&#8220;outline&#8220; shape=&#8220;square&#8220; color=&#8220;inverse&#8220; size=&#8220;sm&#8220; align=&#8220;left&#8220; css=&#8220;&#8220; link=&#8220;url:https%3A%2F%2Fwww.diemmeoffice.com%2Fwp-content%2Fthemes%2Fdt-the7-child%2Fupholstery-standard.pdf|target:_blank&#8220; el_class=&#8220;text-uppercase letterspacing&#8220;][\/vc_column_inner][\/vc_row_inner][vc_empty_space height=&#8220;70px&#8220; el_class=&#8220;sostenibilita&#8220;][\/vc_column][\/vc_row][vc_row full_width=&#8220;stretch_row_content&#8220;][vc_column offset=&#8220;vc_col-lg-offset-1 vc_col-lg-10&#8243;][vc_row_inner][vc_column_inner width=&#8220;1\/3&#8243;][vc_single_image image=&#8220;18022&#8243; img_size=&#8220;full&#8220; alignment=&#8220;center&#8220; css_animation=&#8220;fadeIn&#8220;][\/vc_column_inner][vc_column_inner width=&#8220;1\/3&#8243;][vc_single_image image=&#8220;18014&#8243; img_size=&#8220;full&#8220; alignment=&#8220;center&#8220; css_animation=&#8220;fadeIn&#8220;][\/vc_column_inner][vc_column_inner width=&#8220;1\/3&#8243;][vc_single_image image=&#8220;18018&#8243; img_size=&#8220;full&#8220; alignment=&#8220;center&#8220; css_animation=&#8220;fadeIn&#8220;][\/vc_column_inner][\/vc_row_inner][vc_empty_space height=&#8220;70px&#8220; el_class=&#8220;sostenibilita&#8220;][\/vc_column][\/vc_row][vc_section el_id=&#8220;remix&#8220;][vc_row full_width=&#8220;stretch_row_content&#8220; bg_type=&#8220;image&#8220; parallax_style=&#8220;vcpb-vz-jquery&#8220; bg_image_new=&#8220;id^20908|url^https:\/\/www.diemmeoffice.com\/wp-content\/uploads\/2025\/03\/remix-3-kvadrat-bg.jpg|caption^null|alt^remix 3 kvadrat|title^remix 3 kvadrat|description^remix 3 kvadrat&#8220; bg_image_repeat=&#8220;no-repeat&#8220;][vc_column]<div class=\"ult-spacer spacer-69e499c33424c\" data-id=\"69e499c33424c\" data-height=\"550\" data-height-mobile=\"300\" data-height-tab=\"550\" data-height-tab-portrait=\"450\" data-height-mobile-landscape=\"300\" style=\"clear:both;display:block;\"><\/div>[\/vc_column][\/vc_row][vc_row full_width=&#8220;stretch_row&#8220; equal_height=&#8220;yes&#8220; content_placement=&#8220;middle&#8220;][vc_column][vc_row_inner equal_height=&#8220;yes&#8220; content_placement=&#8220;middle&#8220;][vc_column_inner width=&#8220;1\/2&#8243;][vc_single_image image=&#8220;20950&#8243; img_size=&#8220;full&#8220; alignment=&#8220;center&#8220; css_animation=&#8220;fadeIn&#8220; css=&#8220;&#8220;][\/vc_column_inner][vc_column_inner width=&#8220;1\/2&#8243;][vc_custom_heading text=&#8220;NEUE STOFFE&#8220; font_container=&#8220;tag:h4|text_align:left&#8220; use_theme_fonts=&#8220;yes&#8220; css=&#8220;&#8220; el_class=&#8220;text-uppercase subtitles&#8220;][vc_custom_heading text=&#8220;Remix 3&#8243; use_theme_fonts=&#8220;yes&#8220; css=&#8220;&#8220; el_class=&#8220;titles&#8220;][vc_column_text css=&#8220;&#8220;]Remix 3 von Kvadrat ist ein Schurwollstoff, der mit Licht und Farbe spielt und jede Oberfl\u00e4che in ein sinnliches Erlebnis verwandelt.<br \/>\nDer von Giulio Ridolfo entworfene Stoff zeichnet sich durch die Eleganz eines dichten, minimalistischen Gewebes aus, das bei genauer Betrachtung ein faszinierendes Geflecht von Nuancen offenbart.<br \/>\nSeine 72 Farbvarianten, die durch 23 neue Farbt\u00f6ne bereichert werden, sind das Ergebnis einer Reise zwischen Tradition und Innovation, inspiriert von der Tiefe des Indigoblaus, dem Reichtum der nat\u00fcrlichen Rott\u00f6ne und der Zartheit der schattierten Neutralt\u00f6ne. Ein Wandbelag, der jedem Raum Charakter und W\u00e4rme verleiht.[\/vc_column_text][vc_media_grid element_width=&#8220;2&#8243; item=&#8220;18050&#8243; css=&#8220;&#8220; grid_id=&#8220;vc_gid:1773760171777-f5682730-a947-4&#8243; include=&#8220;18064,20915&#8243;][\/vc_column_inner][\/vc_row_inner][vc_empty_space height=&#8220;70px&#8220; el_class=&#8220;sostenibilita&#8220;][\/vc_column][\/vc_row][\/vc_section][vc_row full_width=&#8220;stretch_row_content&#8220; bg_type=&#8220;image&#8220; parallax_style=&#8220;vcpb-vz-jquery&#8220; bg_image_new=&#8220;id^17986|url^https:\/\/www.diemmeoffice.com\/wp-content\/uploads\/2024\/03\/tessuti-02.jpg|caption^null|alt^null|title^tessuti-02|description^null&#8220; bg_image_repeat=&#8220;no-repeat&#8220;][vc_column]<div class=\"ult-spacer spacer-69e499c334288\" data-id=\"69e499c334288\" data-height=\"550\" data-height-mobile=\"300\" data-height-tab=\"550\" data-height-tab-portrait=\"450\" data-height-mobile-landscape=\"300\" style=\"clear:both;display:block;\"><\/div>[\/vc_column][\/vc_row][vc_row full_width=&#8220;stretch_row&#8220; equal_height=&#8220;yes&#8220; content_placement=&#8220;middle&#8220;][vc_column][vc_row_inner equal_height=&#8220;yes&#8220; content_placement=&#8220;middle&#8220;][vc_column_inner width=&#8220;1\/2&#8243;][vc_single_image image=&#8220;18045&#8243; img_size=&#8220;full&#8220; alignment=&#8220;center&#8220; css_animation=&#8220;fadeIn&#8220;][vc_separator color=&#8220;custom&#8220; align=&#8220;align_left&#8220; border_width=&#8220;3&#8243; el_width=&#8220;10&#8243; css=&#8220;.vc_custom_1741600235681{margin-bottom: 15px !important;}&#8220; accent_color=&#8220;#333333&#8243;][vc_custom_heading text=&#8220;Daytona&#8220; use_theme_fonts=&#8220;yes&#8220; el_class=&#8220;titles&#8220;][vc_column_text css=&#8220;&#8220;]Tauchen Sie ein in Luxus und Eleganz mit diesem Stoff in Samtoptik, der in einer leuchtenden Farbpalette erh\u00e4ltlich ist, die perfekt einfarbig ist. Diese Kollektion wurde entworfen, um Ihre Kreativit\u00e4t zu inspirieren und anzuregen und jeden Raum in einen Ort der reinen Fantasie zu verwandeln.<\/p>\n<p>Mit der Aquaclean-Technologie von DAYTONA lassen sich kleine Flecken von Wein, Kaffee, Lebensmitteln und sogar die meisten Tintenflecken ohne den Einsatz von Seife oder Reinigungsmitteln entfernen. DAYTONA erf\u00fcllt au\u00dferdem wichtige globale Zertifizierungen: OEKOTEX, das garantiert, dass die Textilien frei von gesundheitssch\u00e4dlichen Stoffen und v\u00f6llig unbedenklich f\u00fcr Haut und Umwelt sind, und SAFEFRONT, um einen wirksamen Schutz vor Bakterien und Mikroorganismen zu gew\u00e4hrleisten, was zu einer ges\u00fcnderen und sichereren Umwelt f\u00fchrt.[\/vc_column_text][vc_media_grid element_width=&#8220;2&#8243; item=&#8220;18050&#8243; grid_id=&#8220;vc_gid:1773760171778-765ef057-b508-9&#8243; include=&#8220;18060,18056,18072,18068,18076&#8243;][\/vc_column_inner][vc_column_inner width=&#8220;1\/2&#8243;][vc_single_image image=&#8220;16986&#8243; img_size=&#8220;full&#8220; alignment=&#8220;center&#8220; css_animation=&#8220;fadeIn&#8220;][\/vc_column_inner][\/vc_row_inner][vc_empty_space height=&#8220;70px&#8220; el_class=&#8220;sostenibilita&#8220;][\/vc_column][\/vc_row][vc_row full_width=&#8220;stretch_row_content&#8220; bg_type=&#8220;image&#8220; parallax_style=&#8220;vcpb-vz-jquery&#8220; bg_image_new=&#8220;id^18088|url^https:\/\/www.diemmeoffice.com\/wp-content\/uploads\/2024\/03\/roccia.jpg|caption^null|alt^null|title^roccia|description^null&#8220; bg_image_repeat=&#8220;no-repeat&#8220;][vc_column]<div class=\"ult-spacer spacer-69e499c3342b8\" data-id=\"69e499c3342b8\" data-height=\"550\" data-height-mobile=\"300\" data-height-tab=\"550\" data-height-tab-portrait=\"450\" data-height-mobile-landscape=\"300\" style=\"clear:both;display:block;\"><\/div>[\/vc_column][\/vc_row][vc_row full_width=&#8220;stretch_row&#8220; equal_height=&#8220;yes&#8220; content_placement=&#8220;middle&#8220;][vc_column][vc_empty_space height=&#8220;70px&#8220; el_class=&#8220;sostenibilita&#8220;][vc_row_inner equal_height=&#8220;yes&#8220; content_placement=&#8220;middle&#8220;][vc_column_inner width=&#8220;1\/2&#8243;][vc_single_image image=&#8220;18087&#8243; img_size=&#8220;full&#8220; alignment=&#8220;center&#8220; css_animation=&#8220;fadeIn&#8220;][\/vc_column_inner][vc_column_inner width=&#8220;1\/2&#8243;][vc_separator color=&#8220;custom&#8220; align=&#8220;align_left&#8220; border_width=&#8220;3&#8243; el_width=&#8220;10&#8243; css=&#8220;.vc_custom_1741600235681{margin-bottom: 15px !important;}&#8220; accent_color=&#8220;#333333&#8243;][vc_custom_heading text=&#8220;Roccia&#8220; use_theme_fonts=&#8220;yes&#8220; el_class=&#8220;titles&#8220;][vc_column_text css=&#8220;&#8220;]Die ultimative Innovation f\u00fcr B\u00fcro- und Objektr\u00e4ume, die \u00c4sthetik und Umweltfreundlichkeit vereint. ROCCIA besteht zu 100 % aus recyceltem Polyester und zeichnet sich nicht nur durch die Brandschutzklasse 1 aus, sondern auch durch seine gro\u00dfe Vielfalt von \u00fcber 20 Farben.<br \/>\nROCCIA ist ein zweifarbiger, garngef\u00e4rbter Stoff, der vollst\u00e4ndig aus Trevira CS hergestellt wird: Dieses hochwertige Material schont nicht nur die Umwelt, sondern macht dank der Verwendung von nat\u00fcrlich flammhemmenden Fasern und Filamenten auch zus\u00e4tzliche flammhemmende Behandlungen \u00fcberfl\u00fcssig, die oft sch\u00e4dlich f\u00fcr unseren Planeten sind.<\/p>\n<p>ROCCIA eignet sich sowohl f\u00fcr B\u00fcro- als auch f\u00fcr Objektumgebungen und ist die perfekte Wahl f\u00fcr alle, die einen sicheren, \u00e4sthetisch ansprechenden und zutiefst umweltfreundlichen Stoff suchen, f\u00fcr Design, das Nachhaltigkeit in einer perfekten Verbindung von Form und Funktion vereint.[\/vc_column_text][vc_media_grid element_width=&#8220;2&#8243; item=&#8220;18050&#8243; grid_id=&#8220;vc_gid:1773760171779-8e510b11-344a-0&#8243; include=&#8220;18056,18064&#8243;][\/vc_column_inner][\/vc_row_inner][vc_empty_space height=&#8220;70px&#8220; el_class=&#8220;sostenibilita&#8220;][\/vc_column][\/vc_row][vc_row full_width=&#8220;stretch_row_content&#8220; bg_type=&#8220;image&#8220; parallax_style=&#8220;vcpb-vz-jquery&#8220; bg_image_new=&#8220;id^18103|url^https:\/\/www.diemmeoffice.com\/wp-content\/uploads\/2024\/03\/moore.jpg|caption^null|alt^null|title^moore|description^null&#8220; bg_image_repeat=&#8220;no-repeat&#8220;][vc_column]<div class=\"ult-spacer spacer-69e499c3342e4\" data-id=\"69e499c3342e4\" data-height=\"550\" data-height-mobile=\"300\" data-height-tab=\"550\" data-height-tab-portrait=\"450\" data-height-mobile-landscape=\"300\" style=\"clear:both;display:block;\"><\/div>[\/vc_column][\/vc_row][vc_row full_width=&#8220;stretch_row&#8220; equal_height=&#8220;yes&#8220; content_placement=&#8220;middle&#8220;][vc_column][vc_row_inner equal_height=&#8220;yes&#8220; content_placement=&#8220;middle&#8220;][vc_column_inner width=&#8220;1\/2&#8243;][vc_separator color=&#8220;custom&#8220; align=&#8220;align_left&#8220; border_width=&#8220;3&#8243; el_width=&#8220;10&#8243; css=&#8220;.vc_custom_1741600235681{margin-bottom: 15px !important;}&#8220; accent_color=&#8220;#333333&#8243;][vc_custom_heading text=&#8220;Moore, Foster, Auckland&#8220; use_theme_fonts=&#8220;yes&#8220; el_class=&#8220;titles&#8220;][vc_column_text css=&#8220;&#8220;]Ver\u00e4ndern Sie das Konzept der Polsterm\u00f6bel mit den flammhemmenden Polyesterstoffen wie MOORE, FOSTER und AUCKLAND, die zu 100% aus recyceltem Material aus gebrauchten PET-Flaschen hergestellt werden. MOORE, FOSTER und AUCKLAND sind mehr als nur Stoffe, sie sind ein Ausdruck der Verantwortung gegen\u00fcber unserem Planeten, ohne Kompromisse bei Qualit\u00e4t und Stil einzugehen.<\/p>\n<p>Die Boucl\u00e9-Stoffe wurden sorgf\u00e4ltig entwickelt, um die hohen technischen Anforderungen des internationalen Marktes zu \u00fcbertreffen. Sie zeichnen sich durch au\u00dfergew\u00f6hnliche Strapazierf\u00e4higkeit und \u00fcberlegene Abrieb-, Licht- und Farbbest\u00e4ndigkeit aus und sind durch minimale Pillingbildung und einfache Verlegung un\u00fcbertroffen.<\/p>\n<p>Diese Stoffe bieten nicht nur Leistung und Stil, sondern haben auch die strengsten europ\u00e4ischen und amerikanischen Brandtests mit Bravour bestanden und garantieren somit maximale Sicherheit.[\/vc_column_text][vc_media_grid element_width=&#8220;2&#8243; item=&#8220;18050&#8243; grid_id=&#8220;vc_gid:1773760171780-d4f85cdb-753c-4&#8243; include=&#8220;18056&#8243;][\/vc_column_inner][vc_column_inner width=&#8220;1\/2&#8243;][vc_single_image image=&#8220;18098&#8243; img_size=&#8220;full&#8220; alignment=&#8220;center&#8220; css_animation=&#8220;fadeIn&#8220;][\/vc_column_inner][\/vc_row_inner][\/vc_column][\/vc_row][vc_row full_width=&#8220;stretch_row_content&#8220;][vc_column offset=&#8220;vc_col-lg-offset-1 vc_col-lg-10&#8243;][vc_row_inner][vc_column_inner width=&#8220;1\/4&#8243;][vc_single_image image=&#8220;18132&#8243; img_size=&#8220;full&#8220; alignment=&#8220;center&#8220;][\/vc_column_inner][vc_column_inner width=&#8220;1\/4&#8243;][vc_single_image image=&#8220;18128&#8243; img_size=&#8220;full&#8220; alignment=&#8220;center&#8220;][\/vc_column_inner][vc_column_inner width=&#8220;1\/4&#8243;][vc_single_image image=&#8220;18136&#8243; img_size=&#8220;full&#8220; alignment=&#8220;center&#8220;][\/vc_column_inner][vc_column_inner width=&#8220;1\/4&#8243;][vc_single_image image=&#8220;18124&#8243; img_size=&#8220;full&#8220; alignment=&#8220;center&#8220;][\/vc_column_inner][\/vc_row_inner][vc_empty_space height=&#8220;70px&#8220; el_class=&#8220;sostenibilita&#8220;][\/vc_column][\/vc_row][vc_row disable_element=&#8220;yes&#8220;][vc_column][vc_single_image image=&#8220;18102&#8243; img_size=&#8220;full&#8220; alignment=&#8220;center&#8220; css_animation=&#8220;fadeIn&#8220;][\/vc_column][\/vc_row]<\/p>\n<\/div>","protected":false},"excerpt":{"rendered":"<p>[vc_row full_width=&#8220;stretch_row_content&#8220; bg_type=&#8220;image&#8220; parallax_style=&#8220;vcpb-vz-jquery&#8220; bg_image_new=&#8220;id^17975|url^https:\/\/www.diemmeoffice.com\/wp-content\/uploads\/2024\/03\/upholstery.jpg|caption^null|alt^upholstery|title^upholstery|description^upholstery&#8220; bg_image_repeat=&#8220;no-repeat&#8220; bg_image_size=&#8220;initial&#8220;][vc_column][\/vc_column][\/vc_row][vc_row][vc_column][vc_empty_space height=&#8220;100px&#8220; el_class=&#8220;sostenibilita&#8220;][vc_row_inner][vc_column_inner offset=&#8220;vc_col-lg-offset-2 vc_col-lg-8 vc_col-md-offset-2 vc_col-md-8&#8243;][vc_custom_heading text=&#8220;BEZ\u00dcGE UND OBERFL\u00c4CHENVERARBEITUNGEN&#8220; font_container=&#8220;tag:h4|text_align:left&#8220; use_theme_fonts=&#8220;yes&#8220; css=&#8220;&#8220; el_class=&#8220;text-uppercase subtitles&#8220;][vc_custom_heading text=&#8220;ENDLOSE KOMBINATIONEN. F\u00dcR EINZIGARTIGE UND UNVERGESSLICHE UMGEBUNGEN.&#8220; use_theme_fonts=&#8220;yes&#8220; css=&#8220;&#8220; el_class=&#8220;titles&#8220;][vc_column_text css=&#8220;&#8220; el_class=&#8220;lead&#8220;]Entdecken Sie unseren vielseitigen Katalog \u201eUpholstery\u201c, eine einzigartige Kollektion, die eine Vielzahl von Stoffen, Leder und Materialien umfasst.[\/vc_column_text][vc_column_text css=&#8220;&#8220;]Von leuchtenden Farbt\u00f6nen bis hin&hellip;<\/p>\n","protected":false},"author":1,"featured_media":0,"parent":0,"menu_order":0,"comment_status":"closed","ping_status":"closed","template":"","meta":{"_acf_changed":false,"footnotes":""},"class_list":["post-18529","page","type-page","status-publish","hentry","description-off"],"acf":[],"yoast_head":"<!-- This site is optimized with the Yoast SEO plugin v27.4 - https:\/\/yoast.com\/product\/yoast-seo-wordpress\/ -->\n<title>BEZ\u00dcGE | Diemme Office<\/title>\n<meta name=\"description\" content=\"Entdecken Sie unseren vielseitigen Katalog \u201eUpholstery\u201c, eine einzigartige Kollektion, die eine Vielzahl von Stoffen, Leder und Materialien umfasst.Von\" \/>\n<meta name=\"robots\" content=\"index, follow, max-snippet:-1, max-image-preview:large, max-video-preview:-1\" \/>\n<link rel=\"canonical\" href=\"https:\/\/www.diemmeoffice.com\/de\/bezuge\/\" \/>\n<meta property=\"og:locale\" content=\"de_DE\" \/>\n<meta property=\"og:type\" content=\"article\" \/>\n<meta property=\"og:title\" content=\"BEZ\u00dcGE | Diemme Office\" \/>\n<meta property=\"og:description\" content=\"Entdecken Sie unseren vielseitigen Katalog \u201eUpholstery\u201c, eine einzigartige Kollektion, die eine Vielzahl von Stoffen, Leder und Materialien umfasst.Von\" \/>\n<meta property=\"og:url\" content=\"https:\/\/www.diemmeoffice.com\/de\/bezuge\/\" \/>\n<meta property=\"og:site_name\" content=\"Diemme Office\" \/>\n<meta property=\"article:modified_time\" content=\"2026-03-17T15:09:48+00:00\" \/>\n<meta property=\"og:image\" content=\"https:\/\/www.diemmeoffice.com\/wp-content\/uploads\/2020\/04\/Diemme-retina-1.png\" \/>\n\t<meta property=\"og:image:width\" content=\"400\" \/>\n\t<meta property=\"og:image:height\" content=\"69\" \/>\n\t<meta property=\"og:image:type\" content=\"image\/png\" \/>\n<meta name=\"twitter:card\" content=\"summary_large_image\" \/>\n<meta name=\"twitter:label1\" content=\"Gesch\u00e4tzte Lesezeit\" \/>\n\t<meta name=\"twitter:data1\" content=\"5\u00a0Minuten\" \/>\n<script type=\"application\/ld+json\" class=\"yoast-schema-graph\">{\"@context\":\"https:\\\/\\\/schema.org\",\"@graph\":[{\"@type\":\"WebPage\",\"@id\":\"https:\\\/\\\/www.diemmeoffice.com\\\/de\\\/bezuge\\\/\",\"url\":\"https:\\\/\\\/www.diemmeoffice.com\\\/de\\\/bezuge\\\/\",\"name\":\"BEZ\u00dcGE | Diemme Office\",\"isPartOf\":{\"@id\":\"https:\\\/\\\/www.diemmeoffice.com\\\/de\\\/#website\"},\"datePublished\":\"2024-03-01T08:42:38+00:00\",\"dateModified\":\"2026-03-17T15:09:48+00:00\",\"description\":\"Entdecken Sie unseren vielseitigen Katalog \u201eUpholstery\u201c, eine einzigartige Kollektion, die eine Vielzahl von Stoffen, Leder und Materialien umfasst.Von\",\"breadcrumb\":{\"@id\":\"https:\\\/\\\/www.diemmeoffice.com\\\/de\\\/bezuge\\\/#breadcrumb\"},\"inLanguage\":\"de\",\"potentialAction\":[{\"@type\":\"ReadAction\",\"target\":[\"https:\\\/\\\/www.diemmeoffice.com\\\/de\\\/bezuge\\\/\"]}]},{\"@type\":\"BreadcrumbList\",\"@id\":\"https:\\\/\\\/www.diemmeoffice.com\\\/de\\\/bezuge\\\/#breadcrumb\",\"itemListElement\":[{\"@type\":\"ListItem\",\"position\":1,\"name\":\"Home\",\"item\":\"https:\\\/\\\/www.diemmeoffice.com\\\/de\\\/\"},{\"@type\":\"ListItem\",\"position\":2,\"name\":\"BEZ\u00dcGE\"}]},{\"@type\":\"WebSite\",\"@id\":\"https:\\\/\\\/www.diemmeoffice.com\\\/de\\\/#website\",\"url\":\"https:\\\/\\\/www.diemmeoffice.com\\\/de\\\/\",\"name\":\"Diemme Office\",\"description\":\"Sedute per ufficio e contract\",\"publisher\":{\"@id\":\"https:\\\/\\\/www.diemmeoffice.com\\\/de\\\/#organization\"},\"potentialAction\":[{\"@type\":\"SearchAction\",\"target\":{\"@type\":\"EntryPoint\",\"urlTemplate\":\"https:\\\/\\\/www.diemmeoffice.com\\\/de\\\/?s={search_term_string}\"},\"query-input\":{\"@type\":\"PropertyValueSpecification\",\"valueRequired\":true,\"valueName\":\"search_term_string\"}}],\"inLanguage\":\"de\"},{\"@type\":\"Organization\",\"@id\":\"https:\\\/\\\/www.diemmeoffice.com\\\/de\\\/#organization\",\"name\":\"DIEMME S.r.l.\",\"url\":\"https:\\\/\\\/www.diemmeoffice.com\\\/de\\\/\",\"logo\":{\"@type\":\"ImageObject\",\"inLanguage\":\"de\",\"@id\":\"https:\\\/\\\/www.diemmeoffice.com\\\/de\\\/#\\\/schema\\\/logo\\\/image\\\/\",\"url\":\"https:\\\/\\\/www.diemmeoffice.com\\\/wp-content\\\/uploads\\\/2020\\\/04\\\/Diemme-retina.png\",\"contentUrl\":\"https:\\\/\\\/www.diemmeoffice.com\\\/wp-content\\\/uploads\\\/2020\\\/04\\\/Diemme-retina.png\",\"width\":272,\"height\":47,\"caption\":\"DIEMME S.r.l.\"},\"image\":{\"@id\":\"https:\\\/\\\/www.diemmeoffice.com\\\/de\\\/#\\\/schema\\\/logo\\\/image\\\/\"}}]}<\/script>\n<!-- \/ Yoast SEO plugin. -->","yoast_head_json":{"title":"BEZ\u00dcGE | Diemme Office","description":"Entdecken Sie unseren vielseitigen Katalog \u201eUpholstery\u201c, eine einzigartige Kollektion, die eine Vielzahl von Stoffen, Leder und Materialien umfasst.Von","robots":{"index":"index","follow":"follow","max-snippet":"max-snippet:-1","max-image-preview":"max-image-preview:large","max-video-preview":"max-video-preview:-1"},"canonical":"https:\/\/www.diemmeoffice.com\/de\/bezuge\/","og_locale":"de_DE","og_type":"article","og_title":"BEZ\u00dcGE | Diemme Office","og_description":"Entdecken Sie unseren vielseitigen Katalog \u201eUpholstery\u201c, eine einzigartige Kollektion, die eine Vielzahl von Stoffen, Leder und Materialien umfasst.Von","og_url":"https:\/\/www.diemmeoffice.com\/de\/bezuge\/","og_site_name":"Diemme Office","article_modified_time":"2026-03-17T15:09:48+00:00","og_image":[{"width":400,"height":69,"url":"https:\/\/www.diemmeoffice.com\/wp-content\/uploads\/2020\/04\/Diemme-retina-1.png","type":"image\/png"}],"twitter_card":"summary_large_image","twitter_misc":{"Gesch\u00e4tzte Lesezeit":"5\u00a0Minuten"},"schema":{"@context":"https:\/\/schema.org","@graph":[{"@type":"WebPage","@id":"https:\/\/www.diemmeoffice.com\/de\/bezuge\/","url":"https:\/\/www.diemmeoffice.com\/de\/bezuge\/","name":"BEZ\u00dcGE | Diemme Office","isPartOf":{"@id":"https:\/\/www.diemmeoffice.com\/de\/#website"},"datePublished":"2024-03-01T08:42:38+00:00","dateModified":"2026-03-17T15:09:48+00:00","description":"Entdecken Sie unseren vielseitigen Katalog \u201eUpholstery\u201c, eine einzigartige Kollektion, die eine Vielzahl von Stoffen, Leder und Materialien umfasst.Von","breadcrumb":{"@id":"https:\/\/www.diemmeoffice.com\/de\/bezuge\/#breadcrumb"},"inLanguage":"de","potentialAction":[{"@type":"ReadAction","target":["https:\/\/www.diemmeoffice.com\/de\/bezuge\/"]}]},{"@type":"BreadcrumbList","@id":"https:\/\/www.diemmeoffice.com\/de\/bezuge\/#breadcrumb","itemListElement":[{"@type":"ListItem","position":1,"name":"Home","item":"https:\/\/www.diemmeoffice.com\/de\/"},{"@type":"ListItem","position":2,"name":"BEZ\u00dcGE"}]},{"@type":"WebSite","@id":"https:\/\/www.diemmeoffice.com\/de\/#website","url":"https:\/\/www.diemmeoffice.com\/de\/","name":"Diemme Office","description":"Sedute per ufficio e contract","publisher":{"@id":"https:\/\/www.diemmeoffice.com\/de\/#organization"},"potentialAction":[{"@type":"SearchAction","target":{"@type":"EntryPoint","urlTemplate":"https:\/\/www.diemmeoffice.com\/de\/?s={search_term_string}"},"query-input":{"@type":"PropertyValueSpecification","valueRequired":true,"valueName":"search_term_string"}}],"inLanguage":"de"},{"@type":"Organization","@id":"https:\/\/www.diemmeoffice.com\/de\/#organization","name":"DIEMME S.r.l.","url":"https:\/\/www.diemmeoffice.com\/de\/","logo":{"@type":"ImageObject","inLanguage":"de","@id":"https:\/\/www.diemmeoffice.com\/de\/#\/schema\/logo\/image\/","url":"https:\/\/www.diemmeoffice.com\/wp-content\/uploads\/2020\/04\/Diemme-retina.png","contentUrl":"https:\/\/www.diemmeoffice.com\/wp-content\/uploads\/2020\/04\/Diemme-retina.png","width":272,"height":47,"caption":"DIEMME S.r.l."},"image":{"@id":"https:\/\/www.diemmeoffice.com\/de\/#\/schema\/logo\/image\/"}}]}},"_links":{"self":[{"href":"https:\/\/www.diemmeoffice.com\/de\/wp-json\/wp\/v2\/pages\/18529","targetHints":{"allow":["GET"]}}],"collection":[{"href":"https:\/\/www.diemmeoffice.com\/de\/wp-json\/wp\/v2\/pages"}],"about":[{"href":"https:\/\/www.diemmeoffice.com\/de\/wp-json\/wp\/v2\/types\/page"}],"author":[{"embeddable":true,"href":"https:\/\/www.diemmeoffice.com\/de\/wp-json\/wp\/v2\/users\/1"}],"replies":[{"embeddable":true,"href":"https:\/\/www.diemmeoffice.com\/de\/wp-json\/wp\/v2\/comments?post=18529"}],"version-history":[{"count":0,"href":"https:\/\/www.diemmeoffice.com\/de\/wp-json\/wp\/v2\/pages\/18529\/revisions"}],"wp:attachment":[{"href":"https:\/\/www.diemmeoffice.com\/de\/wp-json\/wp\/v2\/media?parent=18529"}],"curies":[{"name":"wp","href":"https:\/\/api.w.org\/{rel}","templated":true}]}}