{"id":3031,"date":"2013-10-24T00:00:00","date_gmt":"2013-10-23T22:00:00","guid":{"rendered":"https:\/\/www.diemmeoffice.com\/privacy-policy\/"},"modified":"2020-09-22T14:03:40","modified_gmt":"2020-09-22T12:03:40","slug":"privacy-policy","status":"publish","type":"page","link":"https:\/\/www.diemmeoffice.com\/en\/privacy-policy\/","title":{"rendered":"Privacy Policy"},"content":{"rendered":"<div class=\"wpb-content-wrapper\"><p>[vc_row][vc_column][vc_column_text]<\/p>\n<p style=\"text-align: center;\"><strong>INFORMATIVA SULLA PRIVACY <\/strong><strong>DEL SITO WEB WWW.DIEMMEOFFICE.COM<\/strong><\/p>\n<p style=\"text-align: center;\"><em>Aggiornamento luglio 2018<\/em><\/p>\n<p><strong>Indice<\/strong><br \/>\n1. Informazioni generali sulla Privacy.<br \/>\n2. Definizione di dati personali e di trattamento degli stessi.<br \/>\n3. Individuazione del titolare, responsabile, incaricato del trattamento<br \/>\n4.4. Elenco delle principali attivit\u00e0 di trattamento dei dati personali svolte a seguito della navigazione sul presente sito web.<br \/>\n4.1 Premessa<br \/>\n4.2 Navigazione<br \/>\n4.3 Trattamenti a fini di contatto tra il cliente e l&#8217;azienda<br \/>\n4.4 Trattamenti a fini dell&#8217;iscrizione alla news letter<br \/>\n4.4.1 Trattamenti a fini del download cataloghi<br \/>\n4.5 Trattamenti svolti ai fini di informazione del cliente<br \/>\n4.6 Clausola di chiusura sui trattamenti<br \/>\n5. I diritti dell&#8217;Utente.<br \/>\n6. Informativa sui cookie.<\/p>\n<p>Per qualsiasi chiarimento, informazione, esercizio dei diritti elencati nella presente informativa, si prenda contatti con: dm@diemmeoffice.com<br \/>\nindirizzo per invio racc. a\/r: DIEMME s.r.l. con sede legale in via del Lavoro n. 25 &#8211; Codogn\u00e9 (TV)<\/p>\n<p><strong>1. Informazioni generali sulla Privacy<\/strong><br \/>\nCon la presente informativa la DIEMME srl con sede legale in via del Lavoro n. 25 &#8211; Codogn\u00e9 (TV), P. IVA: IT03126650260 Numero Rea 222188, Camera di Commercio di Treviso &#8211; nella persona del legale rappresentante pro-tempore, quale titolare del trattamento dei dati personali desidera informarLa sul trattamento dei dati personali che fornir\u00e0 attraverso la navigazione sul presente sito web.<br \/>\nIl D.Lgs 196\/2003 e il REG. UE 2016\/679 stabiliscono le regole per proteggere e tutelare le persone fisiche con riguardo al trattamento dei loro dati personali e la presente informativa \u00e8 redatta in conformit\u00e0 al nuovo dettato normativo. Tutta la base giuridica del trattamento dei dati personali si fonda sul Trattato sul funzionamento dell&#8217;Unione Europea e in particolare sull&#8217;art. 16 del medesimo testo. L&#8217;informativa potr\u00e0 subire delle modifiche a seguito dell&#8217;introduzione di nuove norme oppure a seguito di modifiche del sito web, per cui La invitiamo a visitare periodicamente la presente sezione per l&#8217;aggiornamento. La Privacy Policy che sta leggendo \u00e8 esclusivamente riferibile al sito www.diemmeoffice.com<br \/>\nLa societ\u00e0 non risponde per le modalit\u00e0 di gestione del trattamento dei dati personali effettuata da siti web terzi linkabili attraverso la sezione Cookie, oppure attraverso eventuali altri link di rinvio presenti nel sito web. Secondo la legge il trattamento dei dati personali \u00e8 improntato ai principi di correttezza, liceit\u00e0, trasparenza, protezione della riservatezza dell&#8217;utente nonch\u00e9 di tutela dei suoi diritti: DIEMME srl s&#8217;impegna ad osservare i principi suddetti e, anche a tal fine, La informa fin da subito che &#8211; fatta eccezione per quei trattamenti cui la legge prevede il Suo esplicito consenso &#8211; navigando in questo sito web, caricando o fornendo dati personali, Lei accetta e acconsente di essere vincolato alle condizioni e ai termini di cui alla presente informativa.<br \/>\nNel caso di offerte e servizi ai minori, il consenso di questi ultimi \u00e8 legittimo solo se prestato o autorizzato dalla persona titolare della responsabilit\u00e0 genitoriale nei Suoi confronti. Il presente sito web non prevede servizi e offerte specificamente rivolti ai minori, avendo ad oggetto la pubblicizzazione di prodotti industriali. Ad ogni buon conto, vogliamo darLe alcune informazioni sul concetto di trattamento dei dati personali, sulle persone che li gestiscono, sulle principali attivit\u00e0 di trattamento che poniamo in essere, nonch\u00e9 sui Suoi diritti di utente.<\/p>\n<p><strong>2. Definizione di dati personali e di trattamento degli stessi.<\/strong><br \/>\nPer dati personali s&#8217;intendono tutte quelle informazioni che individuano o rendono individuale una certa persona fisica. Trattasi di informazioni che direttamente permettono l&#8217;identificazione del soggetto (come il nome, cognome o il codice fiscale) oppure solo indirettamente (come i cookie di profilazione). Per trattamento dei dati personali, invece, s&#8217;intende qualsiasi operazione o insieme di operazioni, compiute con o senza l&#8217;ausilio di processi automatizzati e applicate a dati personali o insieme di dati personali, come la raccolta, la registrazione, l&#8217;organizzazione, la strutturazione, la conservazione, l&#8217;adattamento o la modifica, l&#8217;estrazione, la consultazione, l&#8217;uso, la comunicazione mediante trasmissione, diffusione o qualsiasi altra forma di messa a disposizione, il raffronto o l&#8217;interconnessione, la limitazione, la cancellazione o la distruzione.<\/p>\n<p><strong>3. Individuazione del titolare, responsabile e incaricato del trattamento.<\/strong><br \/>\n<em><strong>3.1 Titolare del trattamento.<\/strong><\/em><br \/>\nIl Titolare del trattamento \u00e8 la persona fisica o giuridica, l&#8217;autorit\u00e0 pubblica, il servizio o altro organismo che, singolarmente o insieme ad altri, determina le finalit\u00e0 e i mezzi del trattamento dei dati personali. E&#8217; peraltro colui che si occupa dei profili sulla sicurezza. Relativamente al trattamento dei Suoi dati personali, il titolare del trattamento \u00e8 la societ\u00e0 DIEMME srl meglio specificata in epigrafe.<br \/>\nPer ogni chiarimento o esercizio dei diritti che Le competono potr\u00e0 contattarlo agli indirizzi gi\u00e0 segnalati.<br \/>\n3.2 Responsabili del trattamento.<br \/>\nRelativamente al trattamento dei Suoi dati personali, il titolare ha nominato quale responsabile esterno la propria Agenzia Web. Quest&#8217;ultimo tratter\u00e0 solo i dati necessari per ottemperare agli obblighi cui \u00e8 tenuto in forza del contratto di servizi con il titolare. La nomina dell&#8217;Agenzia Web &#8211; come il suo perimetro di responsabilit\u00e0 &#8211; sono pertanto circoscritti a tale ambito di trattamento.<\/p>\n<p><strong>4. Elenco delle principali attivit\u00e0 di trattamento dei dati personali svolte a seguito della navigazione sul presente sito web.<\/strong><br \/>\n<em><strong>4.1 Premessa<\/strong><\/em><br \/>\n1) I dati raccolti attraverso la navigazione non verranno diffusi, n\u00e9 trasferiti in Paesi Extra UE (l&#8217;hosting utilizzato dal titolare \u00e8 collocato nel territorio UE). Tuttavia, per l&#8217;effettiva esecuzione del servizio richiesto, alcuni dati potrebbero venire condivisi con soggetti esterni chiamati a svolgere specifici incarichi per conto della nostra societ\u00e0 (solo a titolo esemplificativo: Wed designer, Consulenti IT).<br \/>\nIn ogni caso, il titolare del trattamento s&#8217;impegna a proteggere la sicurezza di tutti i Suoi dati personali, adottando le misure informatiche e fisiche necessarie per la tutela degli stessi.<br \/>\nE&#8217; opportuno comunque evidenziare che nessun sistema di sicurezza garantisce con assoluta certezza tale protezione, pertanto, salvi i casi di responsabilit\u00e0 per colpa del titolare del trattamento, DIEMME srl non risponde per il fatto compiuto da terzi che abusivamente accedono ai sistemi senza le dovute autorizzazioni.<\/p>\n<p><em><strong>4.2 Navigazione<\/strong><\/em><br \/>\nCon la semplice navigazione non verranno raccolti dati identificativi. Tuttavia, ai fini del normale esercizio del sito web \u00e8 possibile che il sistema informatico acquisisca alcune informazioni la cui trasmissione \u00e8 implicita nei protocolli di comunicazione internet (es. log files). Inoltre, mediante l&#8217;utilizzo dei cookie verranno raccolte informazioni che l&#8217;utente non fornisce direttamente (Cookie Policy). Si tratta, in ogni caso, di informazioni che non vengono raccolte al fine di un&#8217;associazione ad interessati identificati, ma che nonostante ci\u00f2, data la loro stessa natura, potrebbero comunque permettere a terzi l&#8217;identificazione dell&#8217;utente, attraverso elaborazioni ed associazioni con altri dati gi\u00e0 in loro possesso.<\/p>\n<p><em><strong>4.3 Trattamenti a fini di contatto tra il cliente e l&#8217;azienda<\/strong><\/em><br \/>\nCompilando il form &#8220;Hai bisogno di maggiori informazioni&#8221; collocato nella pagina dei contatti, l&#8217;utente fornisce i propri dati personali (nome, email, messaggio). L&#8217;inserimento di tali dati non \u00e8 obbligatorio, tuttavia la mancata compilazione non permette alla societ\u00e0 di effettuare il servizio richiesto.<br \/>\nIl trattamento \u00e8 finalizzato a riscontrare le richieste di informazioni provenienti dall&#8217;utente. La base giuridica del trattamento consiste nel rilascio del consenso da parte dell&#8217;utente. Il trattamento verr\u00e0 effettuato con sistema informatici e cartacei. I dati verranno conservati per il tempo necessario ad espletare il servizio di rilascio delle informazioni: scaduto tale termine, i Suoi dati verranno immediatamente cancellati. In ogni caso, l&#8217;utente pu\u00f2 in qualsiasi momento revocare il proprio consenso. E&#8217; permesso richiedere le informazioni solo all&#8217;utente che abbia gi\u00e0 compiuto il diciottesimo anno di et\u00e0.<\/p>\n<p><em><strong>4.4 Trattamenti a fini dell&#8217;iscrizione alla news letter<\/strong><\/em><br \/>\nCompilando il form &#8220;Iscriviti Newsletter&#8221; collocato nella homepage l&#8217;utente fornisce propri dati personali (email). \u00c8 possibile iscriversi alla news letter anche attraverso altri form di contatti presenti sul sito, cliccando sull&#8217;apposito flag di consenso al ricevimento della news letter.<br \/>\nL&#8217;inserimento di tali dati non \u00e8 obbligatorio, tuttavia la mancata compilazione non permette alla societ\u00e0 di effettuare il servizio richiesto.<br \/>\nIl trattamento \u00e8 finalizzato ad inviare newsletter informative sulle novit\u00e0 di DIEMME srl all&#8217;utente. La base giuridica del trattamento consiste nel rilascio del consenso da parte dell&#8217;utente. Il trattamento verr\u00e0 effettuato con sistemi informatizzati e la durata del trattamento dipende dalla volont\u00e0 dell&#8217;utente che, in qualsiasi momento, potr\u00e0 revocare il consenso precedentemente rilasciato contattando gli indirizzi gi\u00e0 segnalati all&#8217;inizio della presente informativa. E&#8217; permesso richiedere il servizio di newsletter solo all&#8217;utente che abbia gi\u00e0 compiuto il diciottesimo anno di et\u00e0.<\/p>\n<p><em><strong>4.4.1 Trattamenti a fini del download cataloghi<\/strong><\/em><br \/>\nPer procedere al download del catalogo prodotti \u00e8 necessario compilare il form &#8220;Download&#8221; collocato nella pagina dei singoli prodotti o nella pagina download attraverso il quale l&#8217;utente fornisce propri dati personali (nome, cognome, email). \u00c8 possibile iscriversi alla news letter anche attraverso questo form, cliccando sull&#8217;apposito flag di consenso al ricevimento della news letter.<br \/>\nL&#8217;inserimento di tali dati non \u00e8 obbligatorio, tuttavia la mancata compilazione non permette il download del catalogo.<br \/>\nIl trattamento \u00e8 finalizzato ad inviare newsletter informative sulle novit\u00e0 di DIEMME srl all&#8217;utente. La base giuridica del trattamento consiste nel rilascio del consenso da parte dell&#8217;utente. Il trattamento verr\u00e0 effettuato con sistemi informatizzati e la durata del trattamento dipende dalla volont\u00e0 dell&#8217;utente che, in qualsiasi momento, potr\u00e0 revocare il consenso precedentemente rilasciato contattando gli indirizzi gi\u00e0 segnalati all&#8217;inizio della presente informativa. E&#8217; permesso richiedere il servizio di newsletter solo all&#8217;utente che abbia gi\u00e0 compiuto il diciottesimo anno di et\u00e0.<\/p>\n<p><em><strong>4.5 Trattamenti svolti ai fini di informazione del cliente<\/strong><\/em><br \/>\n1) Compilando il form &#8220;richiedi informazioni&#8221; collocato nella pagina dei singoli prodotti l&#8217;utente fornisce i propri dati personali (nome, cognome, azienda, settore, telefono, email, messaggio). L&#8217;inserimento di tali dati non \u00e8 obbligatorio, tuttavia la mancata compilazione non permette alla societ\u00e0 di effettuare il servizio richiesto.<br \/>\nIl trattamento \u00e8 finalizzato a riscontrare le richieste di informazioni provenienti dall&#8217;utente. La base giuridica del trattamento consiste nel rilascio del consenso da parte dell&#8217;utente. Il trattamento verr\u00e0 effettuato con sistema informatici e cartacei. I dati verranno conservati per il tempo necessario ad espletare il servizio di rilascio delle informazioni: scaduto tale termine, i Suoi dati verranno immediatamente cancellati. In ogni caso, l&#8217;utente pu\u00f2 in qualsiasi momento revocare il proprio consenso. E&#8217; permesso richiedere le informazioni solo all&#8217;utente che abbia gi\u00e0 compiuto il diciottesimo anno di et\u00e0.<br \/>\n2) Contattando il numero di telefono e la mail indicati in fondo al sito web, l&#8217;utente fornisce propri dati personali (nome, cognome, numero di telefono, ecc). Il conferimento di tali dati \u00e8 facoltativo, ma il mancato conferimento non permette alla societ\u00e0 di riscontrare alle richieste di informazioni provenienti dall&#8217;utente. Tali dati verranno trattati con sistemi informatici\/cartacei e la durata del trattamento termina con l&#8217;evasione del servizio informativo da parte della societ\u00e0.<br \/>\n3) Salva la disciplina sui cookie (alla quale si rinvia per maggiori informazioni), il presente sito web non prevede l&#8217;esistenza di un processo decisionale automatizzato con fini di profilazione commerciale (tecnica di marketing mirato che ricomprende l&#8217;insieme di attivit\u00e0 di raccolta ed elaborazione dei dati degli utenti allo scopo di comprendere le loro scelte e i loro comportamenti al fine di suddividere gli interessi in &#8220;profili&#8221;, ovvero in gruppi omogenei per comportamenti o caratteristiche sempre pi\u00f9 specifici).<\/p>\n<p><em><strong>4.6 Clausola di chiusura sui trattamenti.<\/strong><\/em><br \/>\nLa societ\u00e0 DIEMME srl. tratta solo i dati strettamente necessari per porre in essere le diverse finalit\u00e0 del trattamento, tutte legate all&#8217;attivit\u00e0 principale della societ\u00e0. In ogni caso, nessun trattamento sar\u00e0 svolto senza il Suo preventivo consenso, ove richiesto. Per ottemperare ad obblighi contrattuali o di legge, i Suoi dati verranno comunicati solo ai soggetti strettamente necessari e il termine di conservazione dei dati &#8211; salva la revoca o l&#8217;opposizione dell&#8217;interessato &#8211; corrisponder\u00e0 al termine di esecuzione del servizio.<\/p>\n<p><strong>5. I diritti dell&#8217;utente secondo il REG. UE 2016\/679<\/strong><br \/>\nL&#8217;interessato &#8211; ossia colui che mette a disposizione del titolare del trattamento i propri dati personali &#8211; \u00e8 titolare dei seguenti diritti:<br \/>\nil diritto dell&#8217;interessato di chiedere al titolare l&#8217;accesso ai dati personali, ossia di sapere quali dati tratta il titolare;<br \/>\nil diritto ad ottenere il loro aggiornamento;<br \/>\nil diritto ad ottenere la rettifica, ossia il diritto di far modificare i propri dati qualora siano cambiati;<br \/>\nil diritto all&#8217;integrazione dei propri dati ossia il diritto a integrate i dati con altre informazioni fornite dall&#8217;interessato;<br \/>\nil diritto alla limitazione del trattamento che lo riguardino, ossia di limitare l&#8217;uso dei dati da parte del titolare del trattamento;<br \/>\nil diritto di opporsi, per motivi legittimi, al loro trattamento;<br \/>\nil diritto alla portabilit\u00e0 dei dati ossia il diritto a ricevere tutti i dati personali trattati dal titolare in un formato strutturato e leggibile su supporto informatico;<br \/>\nil diritto a chiedere la cancellazione dei propri dati al titolare;<br \/>\nla trasformazione in forma anonima o il blocco dei dati trattati in violazione di legge, compresi quelli di cui non \u00e8 necessaria la conservazione in relazione agli scopi per i quali i dati sono stati raccolti o successivamente trattati;<br \/>\nil diritto di ottenere l&#8217;attestazione che, le operazioni di aggiornamento, rettificazione, integrazione dei dati, cancellazione, blocco dei dati, trasformazione, siano state portate a conoscenza, anche per quanto riguarda il loro contenuto, di coloro ai quali i dati sono stati comunicati o diffusi, eccettuato il caso in cui tale adempimento si rivela impossibile o comporta un impiego di mezzi manifestamente sproporzionato rispetto al diritto tutelato;<br \/>\nil diritto di revocare in qualsiasi momento il consenso esplicito precedentemente prestato, senza pregiudicare la liceit\u00e0 del trattamento posto in essere fino a quel momento;<br \/>\nil diritto di proporre reclamo presso il Garante per la Protezione dei dati personali nel caso di violazioni della normativa.<br \/>\nPer una disamina pi\u00f9 approfondita dei diritti che Le competono si vedano gli artt. 15 &#8211; 16 &#8211; 17 &#8211; 18 &#8211; 20 &#8211; 21 del Reg. Ue 679\/2016. Le richieste possono essere indirizzate al titolare del trattamento, senza formalit\u00e0, agli indirizzi in epigrafe, o in alternativa, utilizzando il modello previsto dal Garante per la Protezione dei Dati Personali reperibile al sito\u00a0<a href=\"http:\/\/www.garanteprivacy.it\/web\/guest\/home\/docweb\/-\/docweb-display\/docweb\/1089924\" target=\"_blank\" rel=\"noopener noreferrer\">http:\/\/www.garanteprivacy.it\/web\/guest\/home\/docweb\/-\/docweb-display\/docweb\/1089924<\/a><\/p>\n<p><strong>6. Informativa sui Cookie.<\/strong><br \/>\nRelativamente alle informazioni vertenti l&#8217;utilizzo dei Cookie nel presente sito web, si veda la pagina dedicata <a href=\"https:\/\/www.diemmeoffice.com\/en\/cookie-policy\/\">Cookie Policy<\/a>.[\/vc_column_text][\/vc_column][\/vc_row]<\/p>\n<\/div>","protected":false},"excerpt":{"rendered":"<p>[vc_row][vc_column][vc_column_text] INFORMATIVA SULLA PRIVACY DEL SITO WEB WWW.DIEMMEOFFICE.COM Aggiornamento luglio 2018 Indice 1. Informazioni generali sulla Privacy. 2. Definizione di dati personali e di trattamento degli stessi. 3. Individuazione del titolare, responsabile, incaricato del trattamento 4.4. Elenco delle principali attivit\u00e0 di trattamento dei dati personali svolte a seguito della navigazione sul presente sito web. 4.1&hellip;<\/p>\n","protected":false},"author":1,"featured_media":0,"parent":0,"menu_order":0,"comment_status":"closed","ping_status":"closed","template":"","meta":{"_acf_changed":false,"footnotes":""},"class_list":["post-3031","page","type-page","status-publish","hentry","description-off"],"acf":[],"yoast_head":"<!-- This site is optimized with the Yoast SEO plugin v27.4 - https:\/\/yoast.com\/product\/yoast-seo-wordpress\/ -->\n<title>Privacy Policy | Diemme Office<\/title>\n<meta name=\"description\" content=\"INFORMATIVA SULLA PRIVACY DEL SITO WEB WWW.DIEMMEOFFICE.COM Aggiornamento luglio 2018 Indice 1. Informazioni generali sulla Privacy. 2. Definizione di\" \/>\n<meta name=\"robots\" content=\"noindex, follow\" \/>\n<meta property=\"og:locale\" content=\"en_US\" \/>\n<meta property=\"og:type\" content=\"article\" \/>\n<meta property=\"og:title\" content=\"Privacy Policy | Diemme Office\" \/>\n<meta property=\"og:description\" content=\"INFORMATIVA SULLA PRIVACY DEL SITO WEB WWW.DIEMMEOFFICE.COM Aggiornamento luglio 2018 Indice 1. Informazioni generali sulla Privacy. 2. Definizione di\" \/>\n<meta property=\"og:url\" content=\"https:\/\/www.diemmeoffice.com\/en\/privacy-policy\/\" \/>\n<meta property=\"og:site_name\" content=\"Diemme Office\" \/>\n<meta property=\"article:modified_time\" content=\"2020-09-22T12:03:40+00:00\" \/>\n<meta property=\"og:image\" content=\"https:\/\/www.diemmeoffice.com\/wp-content\/uploads\/2020\/04\/Diemme-retina-1.png\" \/>\n\t<meta property=\"og:image:width\" content=\"400\" \/>\n\t<meta property=\"og:image:height\" content=\"69\" \/>\n\t<meta property=\"og:image:type\" content=\"image\/png\" \/>\n<meta name=\"twitter:card\" content=\"summary_large_image\" \/>\n<meta name=\"twitter:label1\" content=\"Est. reading time\" \/>\n\t<meta name=\"twitter:data1\" content=\"11 minutes\" \/>\n<script type=\"application\/ld+json\" class=\"yoast-schema-graph\">{\"@context\":\"https:\\\/\\\/schema.org\",\"@graph\":[{\"@type\":\"WebPage\",\"@id\":\"https:\\\/\\\/www.diemmeoffice.com\\\/en\\\/privacy-policy\\\/\",\"url\":\"https:\\\/\\\/www.diemmeoffice.com\\\/en\\\/privacy-policy\\\/\",\"name\":\"Privacy Policy | Diemme Office\",\"isPartOf\":{\"@id\":\"https:\\\/\\\/www.diemmeoffice.com\\\/en\\\/#website\"},\"datePublished\":\"2013-10-23T22:00:00+00:00\",\"dateModified\":\"2020-09-22T12:03:40+00:00\",\"description\":\"INFORMATIVA SULLA PRIVACY DEL SITO WEB WWW.DIEMMEOFFICE.COM Aggiornamento luglio 2018 Indice 1. Informazioni generali sulla Privacy. 2. Definizione di\",\"breadcrumb\":{\"@id\":\"https:\\\/\\\/www.diemmeoffice.com\\\/en\\\/privacy-policy\\\/#breadcrumb\"},\"inLanguage\":\"en-US\",\"potentialAction\":[{\"@type\":\"ReadAction\",\"target\":[\"https:\\\/\\\/www.diemmeoffice.com\\\/en\\\/privacy-policy\\\/\"]}]},{\"@type\":\"BreadcrumbList\",\"@id\":\"https:\\\/\\\/www.diemmeoffice.com\\\/en\\\/privacy-policy\\\/#breadcrumb\",\"itemListElement\":[{\"@type\":\"ListItem\",\"position\":1,\"name\":\"Home\",\"item\":\"https:\\\/\\\/www.diemmeoffice.com\\\/en\\\/\"},{\"@type\":\"ListItem\",\"position\":2,\"name\":\"Privacy Policy\"}]},{\"@type\":\"WebSite\",\"@id\":\"https:\\\/\\\/www.diemmeoffice.com\\\/en\\\/#website\",\"url\":\"https:\\\/\\\/www.diemmeoffice.com\\\/en\\\/\",\"name\":\"Diemme Office\",\"description\":\"Sedute per ufficio e contract\",\"publisher\":{\"@id\":\"https:\\\/\\\/www.diemmeoffice.com\\\/en\\\/#organization\"},\"potentialAction\":[{\"@type\":\"SearchAction\",\"target\":{\"@type\":\"EntryPoint\",\"urlTemplate\":\"https:\\\/\\\/www.diemmeoffice.com\\\/en\\\/?s={search_term_string}\"},\"query-input\":{\"@type\":\"PropertyValueSpecification\",\"valueRequired\":true,\"valueName\":\"search_term_string\"}}],\"inLanguage\":\"en-US\"},{\"@type\":\"Organization\",\"@id\":\"https:\\\/\\\/www.diemmeoffice.com\\\/en\\\/#organization\",\"name\":\"DIEMME S.r.l.\",\"url\":\"https:\\\/\\\/www.diemmeoffice.com\\\/en\\\/\",\"logo\":{\"@type\":\"ImageObject\",\"inLanguage\":\"en-US\",\"@id\":\"https:\\\/\\\/www.diemmeoffice.com\\\/en\\\/#\\\/schema\\\/logo\\\/image\\\/\",\"url\":\"https:\\\/\\\/www.diemmeoffice.com\\\/wp-content\\\/uploads\\\/2020\\\/04\\\/Diemme-retina.png\",\"contentUrl\":\"https:\\\/\\\/www.diemmeoffice.com\\\/wp-content\\\/uploads\\\/2020\\\/04\\\/Diemme-retina.png\",\"width\":272,\"height\":47,\"caption\":\"DIEMME S.r.l.\"},\"image\":{\"@id\":\"https:\\\/\\\/www.diemmeoffice.com\\\/en\\\/#\\\/schema\\\/logo\\\/image\\\/\"}}]}<\/script>\n<!-- \/ Yoast SEO plugin. -->","yoast_head_json":{"title":"Privacy Policy | Diemme Office","description":"INFORMATIVA SULLA PRIVACY DEL SITO WEB WWW.DIEMMEOFFICE.COM Aggiornamento luglio 2018 Indice 1. Informazioni generali sulla Privacy. 2. Definizione di","robots":{"index":"noindex","follow":"follow"},"og_locale":"en_US","og_type":"article","og_title":"Privacy Policy | Diemme Office","og_description":"INFORMATIVA SULLA PRIVACY DEL SITO WEB WWW.DIEMMEOFFICE.COM Aggiornamento luglio 2018 Indice 1. Informazioni generali sulla Privacy. 2. Definizione di","og_url":"https:\/\/www.diemmeoffice.com\/en\/privacy-policy\/","og_site_name":"Diemme Office","article_modified_time":"2020-09-22T12:03:40+00:00","og_image":[{"width":400,"height":69,"url":"https:\/\/www.diemmeoffice.com\/wp-content\/uploads\/2020\/04\/Diemme-retina-1.png","type":"image\/png"}],"twitter_card":"summary_large_image","twitter_misc":{"Est. reading time":"11 minutes"},"schema":{"@context":"https:\/\/schema.org","@graph":[{"@type":"WebPage","@id":"https:\/\/www.diemmeoffice.com\/en\/privacy-policy\/","url":"https:\/\/www.diemmeoffice.com\/en\/privacy-policy\/","name":"Privacy Policy | Diemme Office","isPartOf":{"@id":"https:\/\/www.diemmeoffice.com\/en\/#website"},"datePublished":"2013-10-23T22:00:00+00:00","dateModified":"2020-09-22T12:03:40+00:00","description":"INFORMATIVA SULLA PRIVACY DEL SITO WEB WWW.DIEMMEOFFICE.COM Aggiornamento luglio 2018 Indice 1. Informazioni generali sulla Privacy. 2. Definizione di","breadcrumb":{"@id":"https:\/\/www.diemmeoffice.com\/en\/privacy-policy\/#breadcrumb"},"inLanguage":"en-US","potentialAction":[{"@type":"ReadAction","target":["https:\/\/www.diemmeoffice.com\/en\/privacy-policy\/"]}]},{"@type":"BreadcrumbList","@id":"https:\/\/www.diemmeoffice.com\/en\/privacy-policy\/#breadcrumb","itemListElement":[{"@type":"ListItem","position":1,"name":"Home","item":"https:\/\/www.diemmeoffice.com\/en\/"},{"@type":"ListItem","position":2,"name":"Privacy Policy"}]},{"@type":"WebSite","@id":"https:\/\/www.diemmeoffice.com\/en\/#website","url":"https:\/\/www.diemmeoffice.com\/en\/","name":"Diemme Office","description":"Sedute per ufficio e contract","publisher":{"@id":"https:\/\/www.diemmeoffice.com\/en\/#organization"},"potentialAction":[{"@type":"SearchAction","target":{"@type":"EntryPoint","urlTemplate":"https:\/\/www.diemmeoffice.com\/en\/?s={search_term_string}"},"query-input":{"@type":"PropertyValueSpecification","valueRequired":true,"valueName":"search_term_string"}}],"inLanguage":"en-US"},{"@type":"Organization","@id":"https:\/\/www.diemmeoffice.com\/en\/#organization","name":"DIEMME S.r.l.","url":"https:\/\/www.diemmeoffice.com\/en\/","logo":{"@type":"ImageObject","inLanguage":"en-US","@id":"https:\/\/www.diemmeoffice.com\/en\/#\/schema\/logo\/image\/","url":"https:\/\/www.diemmeoffice.com\/wp-content\/uploads\/2020\/04\/Diemme-retina.png","contentUrl":"https:\/\/www.diemmeoffice.com\/wp-content\/uploads\/2020\/04\/Diemme-retina.png","width":272,"height":47,"caption":"DIEMME S.r.l."},"image":{"@id":"https:\/\/www.diemmeoffice.com\/en\/#\/schema\/logo\/image\/"}}]}},"_links":{"self":[{"href":"https:\/\/www.diemmeoffice.com\/en\/wp-json\/wp\/v2\/pages\/3031","targetHints":{"allow":["GET"]}}],"collection":[{"href":"https:\/\/www.diemmeoffice.com\/en\/wp-json\/wp\/v2\/pages"}],"about":[{"href":"https:\/\/www.diemmeoffice.com\/en\/wp-json\/wp\/v2\/types\/page"}],"author":[{"embeddable":true,"href":"https:\/\/www.diemmeoffice.com\/en\/wp-json\/wp\/v2\/users\/1"}],"replies":[{"embeddable":true,"href":"https:\/\/www.diemmeoffice.com\/en\/wp-json\/wp\/v2\/comments?post=3031"}],"version-history":[{"count":0,"href":"https:\/\/www.diemmeoffice.com\/en\/wp-json\/wp\/v2\/pages\/3031\/revisions"}],"wp:attachment":[{"href":"https:\/\/www.diemmeoffice.com\/en\/wp-json\/wp\/v2\/media?parent=3031"}],"curies":[{"name":"wp","href":"https:\/\/api.w.org\/{rel}","templated":true}]}}