{"id":16136,"date":"2023-02-10T11:48:55","date_gmt":"2023-02-10T10:48:55","guid":{"rendered":"https:\/\/www.diemmeoffice.com\/?page_id=16136"},"modified":"2025-05-14T14:04:38","modified_gmt":"2025-05-14T12:04:38","slug":"pcon","status":"publish","type":"page","link":"https:\/\/www.diemmeoffice.com\/fr\/pcon\/","title":{"rendered":"Configurer les collections Diemme sur pCon.planner"},"content":{"rendered":"<div class=\"wpb-content-wrapper\"><p>[vc_row][vc_column offset=\u00a0\u00bbvc_col-lg-offset-2 vc_col-lg-8 vc_col-md-offset-2 vc_col-md-8&Prime;][vc_column_text el_class=\u00a0\u00bblead\u00a0\u00bb]R\u00e9aliser vos projets en 3D en choisissant parmi nos si\u00e8ges les plus prestigieux et \u00e9pater vos clients avec des projets \u00e9poustouflants[\/vc_column_text][vc_column_text]pCon.planner est une application professionnelle pour concevoir des environnements 3D avec une qualit\u00e9 photor\u00e9aliste in\u00e9gal\u00e9e. Cr\u00e9er rapidement des conceptions tr\u00e8s d\u00e9taill\u00e9es! Avec pCon.planner, vous pouvez partir de 0 ou utiliser un projet 2D existant pour acc\u00e9l\u00e9rer votre travail tout en conservant un r\u00e9sultat de tr\u00e8s haute qualit\u00e9.[\/vc_column_text][\/vc_column][\/vc_row][vc_row full_width=\u00a0\u00bbstretch_row_content_no_spaces\u00a0\u00bb disable_element=\u00a0\u00bbyes\u00a0\u00bb][vc_column][vc_single_image image=\u00a0\u00bb15938&Prime; img_size=\u00a0\u00bbfull\u00a0\u00bb alignment=\u00a0\u00bbright\u00a0\u00bb][\/vc_column][\/vc_row][vc_row full_width=\u00a0\u00bbstretch_row_content\u00a0\u00bb][vc_column offset=\u00a0\u00bbvc_col-lg-offset-1 vc_col-lg-10&Prime;][vc_single_image image=\u00a0\u00bb16003&Prime; img_size=\u00a0\u00bb200&#215;81&Prime; alignment=\u00a0\u00bbcenter\u00a0\u00bb css=\u00a0\u00bb.vc_custom_1676027150511{margin-bottom: 0px !important;}\u00a0\u00bb][vc_single_image image=\u00a0\u00bb16066&Prime; img_size=\u00a0\u00bbfull\u00a0\u00bb alignment=\u00a0\u00bbcenter\u00a0\u00bb][\/vc_column][\/vc_row][vc_row full_width=\u00a0\u00bbstretch_row\u00a0\u00bb][vc_column offset=\u00a0\u00bbvc_col-lg-offset-1 vc_col-lg-10 vc_col-md-offset-1 vc_col-md-10&Prime;][vc_custom_heading text=\u00a0\u00bbAVEC PCON.PLANNER VOUS POUVEZ\u00a0\u00bb font_container=\u00a0\u00bbtag:h2|text_align:center\u00a0\u00bb use_theme_fonts=\u00a0\u00bbyes\u00a0\u00bb][vc_empty_space height=\u00a0\u00bb40px\u00a0\u00bb][vc_row_inner gap=\u00a0\u00bb30&Prime;][vc_column_inner width=\u00a0\u00bb1\/2&Prime; offset=\u00a0\u00bbvc_col-lg-3 vc_col-md-6 vc_col-xs-12&Prime;][vc_single_image image=\u00a0\u00bb15980&Prime; img_size=\u00a0\u00bbfull\u00a0\u00bb alignment=\u00a0\u00bbcenter\u00a0\u00bb css_animation=\u00a0\u00bbfadeIn\u00a0\u00bb][vc_column_text]<\/p>\n<p style=\"text-align: center;\"><strong>Charger et enregistrer des fichiers DWG<\/strong> dans diff\u00e9rentes versions ou les convertir dans d&rsquo;autres formats de fichiers compatibles avec la CAO.<\/p>\n<p>[\/vc_column_text][\/vc_column_inner][vc_column_inner width=\u00a0\u00bb1\/2&Prime; offset=\u00a0\u00bbvc_col-lg-3 vc_col-md-6 vc_col-xs-12&Prime;][vc_single_image image=\u00a0\u00bb15968&Prime; img_size=\u00a0\u00bbfull\u00a0\u00bb alignment=\u00a0\u00bbcenter\u00a0\u00bb css_animation=\u00a0\u00bbfadeIn\u00a0\u00bb][vc_column_text]<\/p>\n<p style=\"text-align: center;\">Utiliser <strong>plusieurs vues de fen\u00eatre simultan\u00e9es <\/strong>&#8211; pour une conception d&rsquo;espace plus efficace<\/p>\n<p>[\/vc_column_text][\/vc_column_inner][vc_column_inner width=\u00a0\u00bb1\/2&Prime; offset=\u00a0\u00bbvc_col-lg-3 vc_col-md-6 vc_col-xs-12&Prime;][vc_single_image image=\u00a0\u00bb15972&Prime; img_size=\u00a0\u00bbfull\u00a0\u00bb alignment=\u00a0\u00bbcenter\u00a0\u00bb css_animation=\u00a0\u00bbfadeIn\u00a0\u00bb][vc_column_text]<\/p>\n<p style=\"text-align: center;\">Cr\u00e9er des conceptions et des pr\u00e9sentations <strong>photor\u00e9alistes<\/strong> \u2013 pour impressionner vos clients<\/p>\n<p>[\/vc_column_text][\/vc_column_inner][vc_column_inner width=\u00a0\u00bb1\/2&Prime; offset=\u00a0\u00bbvc_col-lg-3 vc_col-md-6 vc_col-xs-12&Prime;][vc_single_image image=\u00a0\u00bb15976&Prime; img_size=\u00a0\u00bbfull\u00a0\u00bb alignment=\u00a0\u00bbcenter\u00a0\u00bb css_animation=\u00a0\u00bbfadeIn\u00a0\u00bb][vc_column_text]<\/p>\n<p style=\"text-align: center;\">Acc\u00e9der aux <strong>nombreux produits 3D configurables de Diemme<\/strong> &#8211; pour un projet vraiment \u00e9poustouflant<\/p>\n<p>[\/vc_column_text][\/vc_column_inner][\/vc_row_inner][\/vc_column][\/vc_row][vc_row full_width=\u00a0\u00bbstretch_row_content\u00a0\u00bb][vc_column offset=\u00a0\u00bbvc_col-lg-offset-1 vc_col-lg-10&Prime;][vc_single_image image=\u00a0\u00bb16088&Prime; img_size=\u00a0\u00bbfull\u00a0\u00bb alignment=\u00a0\u00bbcenter\u00a0\u00bb][\/vc_column][\/vc_row][vc_row full_width=\u00a0\u00bbstretch_row\u00a0\u00bb css=\u00a0\u00bb.vc_custom_1676028808957{background-color: #f4f4f4 !important;}\u00a0\u00bb][vc_column offset=\u00a0\u00bbvc_col-md-offset-1 vc_col-md-10&Prime;][vc_empty_space height=\u00a0\u00bb50px\u00a0\u00bb][vc_custom_heading text=\u00a0\u00bb4 \u00c9TAPES SIMPLES POUR COMMENCER \u00c0 UTILISER PCON\u00a0\u00bb font_container=\u00a0\u00bbtag:h2|text_align:center\u00a0\u00bb use_theme_fonts=\u00a0\u00bbyes\u00a0\u00bb][vc_empty_space height=\u00a0\u00bb40px\u00a0\u00bb][vc_row_inner gap=\u00a0\u00bb30&Prime;][vc_column_inner width=\u00a0\u00bb1\/4&Prime;][vc_custom_heading text=\u00a0\u00bb01&Prime; font_container=\u00a0\u00bbtag:p|text_align:center\u00a0\u00bb use_theme_fonts=\u00a0\u00bbyes\u00a0\u00bb el_class=\u00a0\u00bbh1-size\u00a0\u00bb][vc_column_text]<\/p>\n<p style=\"text-align: center;\"><strong>Cr\u00e9er votre compte pCon <\/strong><a href=\"https:\/\/login.pcon-solutions.com\/\" target=\"_blank\" rel=\"noopener\">https:\/\/login.pcon-solutions.com<\/a><br \/>\nDans les 24 heures, vous recevrez la confirmation que votre compte a \u00e9t\u00e9 activ\u00e9 par pCon.<\/p>\n<p>[\/vc_column_text][\/vc_column_inner][vc_column_inner width=\u00a0\u00bb1\/4&Prime;][vc_custom_heading text=\u00a0\u00bb02&Prime; font_container=\u00a0\u00bbtag:p|text_align:center\u00a0\u00bb use_theme_fonts=\u00a0\u00bbyes\u00a0\u00bb el_class=\u00a0\u00bbh1-size\u00a0\u00bb][vc_column_text]<\/p>\n<p style=\"text-align: center;\"><strong>Rechercher Diemme<\/strong> parmi les catalogues des fabricants et demander l&rsquo;acc\u00e8s aux donn\u00e9es configurables. Nous approuverons votre demande dans les prochaines 24 heures.<\/p>\n<p>[\/vc_column_text][\/vc_column_inner][vc_column_inner width=\u00a0\u00bb1\/4&Prime;][vc_custom_heading text=\u00a0\u00bb03&Prime; font_container=\u00a0\u00bbtag:p|text_align:center\u00a0\u00bb use_theme_fonts=\u00a0\u00bbyes\u00a0\u00bb el_class=\u00a0\u00bbh1-size\u00a0\u00bb][vc_column_text]<\/p>\n<p style=\"text-align: center;\"><strong>T\u00e9l\u00e9charger et installer pCon.update DataClient<\/strong> pour toujours garder vos donn\u00e9es et vos applications pCon \u00e0 jour.<\/p>\n<p>[\/vc_column_text][\/vc_column_inner][vc_column_inner width=\u00a0\u00bb1\/4&Prime;][vc_custom_heading text=\u00a0\u00bb04&Prime; font_container=\u00a0\u00bbtag:p|text_align:center\u00a0\u00bb use_theme_fonts=\u00a0\u00bbyes\u00a0\u00bb el_class=\u00a0\u00bbh1-size\u00a0\u00bb][vc_column_text]<\/p>\n<p style=\"text-align: center;\"><strong>T\u00e9l\u00e9charger ou lancer les applications pCon sur <\/strong>su <a href=\"https:\/\/login.pcon-solutions.com\/it\/organization\/applications\" target=\"_blank\" rel=\"noopener\">https:\/\/login.pcon-solutions.com\/<\/a><\/p>\n<p>[\/vc_column_text][\/vc_column_inner][\/vc_row_inner][vc_btn title=\u00a0\u00bbT\u00c9L\u00c9CHARGER LE GUIDE COMPLET\u00a0\u00bb style=\u00a0\u00bboutline-custom\u00a0\u00bb outline_custom_color=\u00a0\u00bb#303030&Prime; outline_custom_hover_background=\u00a0\u00bb#303030&Prime; outline_custom_hover_text=\u00a0\u00bb#ffffff\u00a0\u00bb shape=\u00a0\u00bbsquare\u00a0\u00bb size=\u00a0\u00bbsm\u00a0\u00bb align=\u00a0\u00bbcenter\u00a0\u00bb link=\u00a0\u00bburl:https%3A%2F%2Fwww.diemmeoffice.com%2Fwp-content%2Fuploads%2F2023%2F02%2FpCon-activation-FR.pdf|target:_blank\u00a0\u00bb el_class=\u00a0\u00bbtext-uppercase letterspacing\u00a0\u00bb][vc_empty_space height=\u00a0\u00bb50px\u00a0\u00bb][\/vc_column][\/vc_row][vc_row el_id=\u00a0\u00bbcollections\u00a0\u00bb][vc_column][vc_empty_space height=\u00a0\u00bb50px\u00a0\u00bb][vc_custom_heading text=\u00a0\u00bbCHOISIR PARMI DES DOUZAINES DE PRODUITS DIEMME DISPONIBLES AUJOURD&rsquo;HUI SUR PCON.PLANNER!\u00a0\u00bb font_container=\u00a0\u00bbtag:h2|text_align:center\u00a0\u00bb use_theme_fonts=\u00a0\u00bbyes\u00a0\u00bb][vc_empty_space height=\u00a0\u00bb30px\u00a0\u00bb][vc_basic_grid post_type=\u00a0\u00bbcollezioni\u00a0\u00bb max_items=\u00a0\u00bb-1&Prime; style=\u00a0\u00bbpagination\u00a0\u00bb items_per_page=\u00a0\u00bb6&Prime; show_filter=\u00a0\u00bbyes\u00a0\u00bb gap=\u00a0\u00bb20&Prime; filter_style=\u00a0\u00bbbordered\u00a0\u00bb filter_default_title=\u00a0\u00bb\u00a0\u00bb filter_color=\u00a0\u00bbwhite\u00a0\u00bb paging_design=\u00a0\u00bbpagination_square_dark\u00a0\u00bb item=\u00a0\u00bb3390&Prime; grid_id=\u00a0\u00bbvc_gid:1747129563727-fdd50b89-f898-9&Prime; filter_source=\u00a0\u00bbambienti\u00a0\u00bb el_class=\u00a0\u00bbgridCollezioni\u00a0\u00bb taxonomies=\u00a0\u00bb246&Prime;][vc_btn title=\u00a0\u00bbACC\u00c9DER AU CATALOGUE DIEMME SUR PCON\u00a0\u00bb style=\u00a0\u00bboutline-custom\u00a0\u00bb outline_custom_color=\u00a0\u00bb#303030&Prime; outline_custom_hover_background=\u00a0\u00bb#303030&Prime; outline_custom_hover_text=\u00a0\u00bb#ffffff\u00a0\u00bb shape=\u00a0\u00bbsquare\u00a0\u00bb size=\u00a0\u00bbsm\u00a0\u00bb align=\u00a0\u00bbcenter\u00a0\u00bb link=\u00a0\u00bburl:https%3A%2F%2Flogin.pcon-solutions.com%2Fit%2Fcatalog%2FG5QUMS%2Faccept|target:_blank\u00a0\u00bb el_class=\u00a0\u00bbtext-uppercase letterspacing\u00a0\u00bb][vc_empty_space height=\u00a0\u00bb40px\u00a0\u00bb][\/vc_column][\/vc_row]<\/p>\n<\/div>","protected":false},"excerpt":{"rendered":"<p>[vc_row][vc_column offset=\u00a0\u00bbvc_col-lg-offset-2 vc_col-lg-8 vc_col-md-offset-2 vc_col-md-8&Prime;][vc_column_text el_class=\u00a0\u00bblead\u00a0\u00bb]R\u00e9aliser vos projets en 3D en choisissant parmi nos si\u00e8ges les plus prestigieux et \u00e9pater vos clients avec des projets \u00e9poustouflants[\/vc_column_text][vc_column_text]pCon.planner est une application professionnelle pour concevoir des environnements 3D avec une qualit\u00e9 photor\u00e9aliste in\u00e9gal\u00e9e. Cr\u00e9er rapidement des conceptions tr\u00e8s d\u00e9taill\u00e9es! Avec pCon.planner, vous pouvez partir de 0 ou utiliser&hellip;<\/p>\n","protected":false},"author":1,"featured_media":16068,"parent":0,"menu_order":0,"comment_status":"closed","ping_status":"closed","template":"","meta":{"_acf_changed":false,"footnotes":""},"class_list":["post-16136","page","type-page","status-publish","has-post-thumbnail","hentry","description-off"],"acf":[],"yoast_head":"<!-- This site is optimized with the Yoast SEO plugin v27.4 - https:\/\/yoast.com\/product\/yoast-seo-wordpress\/ -->\n<title>Configurer les collections Diemme sur pCon.planner | Diemme Office<\/title>\n<meta name=\"description\" content=\"R\u00e9aliser vos projets en 3D en choisissant parmi nos si\u00e8ges les plus prestigieux et \u00e9pater vos clients avec des projets \u00e9poustouflants.\" \/>\n<meta name=\"robots\" content=\"index, follow, max-snippet:-1, max-image-preview:large, max-video-preview:-1\" \/>\n<link rel=\"canonical\" href=\"https:\/\/www.diemmeoffice.com\/fr\/pcon\/\" \/>\n<meta property=\"og:locale\" content=\"fr_FR\" \/>\n<meta property=\"og:type\" content=\"article\" \/>\n<meta property=\"og:title\" content=\"Configurer les collections Diemme sur pCon.planner | Diemme Office\" \/>\n<meta property=\"og:description\" content=\"R\u00e9aliser vos projets en 3D en choisissant parmi nos si\u00e8ges les plus prestigieux et \u00e9pater vos clients avec des projets \u00e9poustouflants.\" \/>\n<meta property=\"og:url\" content=\"https:\/\/www.diemmeoffice.com\/fr\/pcon\/\" \/>\n<meta property=\"og:site_name\" content=\"Diemme Office\" \/>\n<meta property=\"article:modified_time\" content=\"2025-05-14T12:04:38+00:00\" \/>\n<meta property=\"og:image\" content=\"https:\/\/www.diemmeoffice.com\/wp-content\/uploads\/2023\/02\/diemme-pcon-02.jpg\" \/>\n\t<meta property=\"og:image:width\" content=\"1920\" \/>\n\t<meta property=\"og:image:height\" content=\"1080\" \/>\n\t<meta property=\"og:image:type\" content=\"image\/jpeg\" \/>\n<meta name=\"twitter:card\" content=\"summary_large_image\" \/>\n<meta name=\"twitter:label1\" content=\"Dur\u00e9e de lecture estim\u00e9e\" \/>\n\t<meta name=\"twitter:data1\" content=\"3 minutes\" \/>\n<script type=\"application\/ld+json\" class=\"yoast-schema-graph\">{\"@context\":\"https:\\\/\\\/schema.org\",\"@graph\":[{\"@type\":\"WebPage\",\"@id\":\"https:\\\/\\\/www.diemmeoffice.com\\\/fr\\\/pcon\\\/\",\"url\":\"https:\\\/\\\/www.diemmeoffice.com\\\/fr\\\/pcon\\\/\",\"name\":\"Configurer les collections Diemme sur pCon.planner | Diemme Office\",\"isPartOf\":{\"@id\":\"https:\\\/\\\/www.diemmeoffice.com\\\/fr\\\/#website\"},\"primaryImageOfPage\":{\"@id\":\"https:\\\/\\\/www.diemmeoffice.com\\\/fr\\\/pcon\\\/#primaryimage\"},\"image\":{\"@id\":\"https:\\\/\\\/www.diemmeoffice.com\\\/fr\\\/pcon\\\/#primaryimage\"},\"thumbnailUrl\":\"https:\\\/\\\/www.diemmeoffice.com\\\/wp-content\\\/uploads\\\/2023\\\/02\\\/diemme-pcon-02.jpg\",\"datePublished\":\"2023-02-10T10:48:55+00:00\",\"dateModified\":\"2025-05-14T12:04:38+00:00\",\"description\":\"R\u00e9aliser vos projets en 3D en choisissant parmi nos si\u00e8ges les plus prestigieux et \u00e9pater vos clients avec des projets \u00e9poustouflants.\",\"breadcrumb\":{\"@id\":\"https:\\\/\\\/www.diemmeoffice.com\\\/fr\\\/pcon\\\/#breadcrumb\"},\"inLanguage\":\"fr-FR\",\"potentialAction\":[{\"@type\":\"ReadAction\",\"target\":[\"https:\\\/\\\/www.diemmeoffice.com\\\/fr\\\/pcon\\\/\"]}]},{\"@type\":\"ImageObject\",\"inLanguage\":\"fr-FR\",\"@id\":\"https:\\\/\\\/www.diemmeoffice.com\\\/fr\\\/pcon\\\/#primaryimage\",\"url\":\"https:\\\/\\\/www.diemmeoffice.com\\\/wp-content\\\/uploads\\\/2023\\\/02\\\/diemme-pcon-02.jpg\",\"contentUrl\":\"https:\\\/\\\/www.diemmeoffice.com\\\/wp-content\\\/uploads\\\/2023\\\/02\\\/diemme-pcon-02.jpg\",\"width\":1920,\"height\":1080,\"caption\":\"diemme su pcon\"},{\"@type\":\"BreadcrumbList\",\"@id\":\"https:\\\/\\\/www.diemmeoffice.com\\\/fr\\\/pcon\\\/#breadcrumb\",\"itemListElement\":[{\"@type\":\"ListItem\",\"position\":1,\"name\":\"Home\",\"item\":\"https:\\\/\\\/www.diemmeoffice.com\\\/fr\\\/\"},{\"@type\":\"ListItem\",\"position\":2,\"name\":\"Configurer les collections Diemme sur pCon.planner\"}]},{\"@type\":\"WebSite\",\"@id\":\"https:\\\/\\\/www.diemmeoffice.com\\\/fr\\\/#website\",\"url\":\"https:\\\/\\\/www.diemmeoffice.com\\\/fr\\\/\",\"name\":\"Diemme Office\",\"description\":\"Sedute per ufficio e contract\",\"publisher\":{\"@id\":\"https:\\\/\\\/www.diemmeoffice.com\\\/fr\\\/#organization\"},\"potentialAction\":[{\"@type\":\"SearchAction\",\"target\":{\"@type\":\"EntryPoint\",\"urlTemplate\":\"https:\\\/\\\/www.diemmeoffice.com\\\/fr\\\/?s={search_term_string}\"},\"query-input\":{\"@type\":\"PropertyValueSpecification\",\"valueRequired\":true,\"valueName\":\"search_term_string\"}}],\"inLanguage\":\"fr-FR\"},{\"@type\":\"Organization\",\"@id\":\"https:\\\/\\\/www.diemmeoffice.com\\\/fr\\\/#organization\",\"name\":\"DIEMME S.r.l.\",\"url\":\"https:\\\/\\\/www.diemmeoffice.com\\\/fr\\\/\",\"logo\":{\"@type\":\"ImageObject\",\"inLanguage\":\"fr-FR\",\"@id\":\"https:\\\/\\\/www.diemmeoffice.com\\\/fr\\\/#\\\/schema\\\/logo\\\/image\\\/\",\"url\":\"https:\\\/\\\/www.diemmeoffice.com\\\/wp-content\\\/uploads\\\/2020\\\/04\\\/Diemme-retina.png\",\"contentUrl\":\"https:\\\/\\\/www.diemmeoffice.com\\\/wp-content\\\/uploads\\\/2020\\\/04\\\/Diemme-retina.png\",\"width\":272,\"height\":47,\"caption\":\"DIEMME S.r.l.\"},\"image\":{\"@id\":\"https:\\\/\\\/www.diemmeoffice.com\\\/fr\\\/#\\\/schema\\\/logo\\\/image\\\/\"}}]}<\/script>\n<!-- \/ Yoast SEO plugin. -->","yoast_head_json":{"title":"Configurer les collections Diemme sur pCon.planner | Diemme Office","description":"R\u00e9aliser vos projets en 3D en choisissant parmi nos si\u00e8ges les plus prestigieux et \u00e9pater vos clients avec des projets \u00e9poustouflants.","robots":{"index":"index","follow":"follow","max-snippet":"max-snippet:-1","max-image-preview":"max-image-preview:large","max-video-preview":"max-video-preview:-1"},"canonical":"https:\/\/www.diemmeoffice.com\/fr\/pcon\/","og_locale":"fr_FR","og_type":"article","og_title":"Configurer les collections Diemme sur pCon.planner | Diemme Office","og_description":"R\u00e9aliser vos projets en 3D en choisissant parmi nos si\u00e8ges les plus prestigieux et \u00e9pater vos clients avec des projets \u00e9poustouflants.","og_url":"https:\/\/www.diemmeoffice.com\/fr\/pcon\/","og_site_name":"Diemme Office","article_modified_time":"2025-05-14T12:04:38+00:00","og_image":[{"width":1920,"height":1080,"url":"https:\/\/www.diemmeoffice.com\/wp-content\/uploads\/2023\/02\/diemme-pcon-02.jpg","type":"image\/jpeg"}],"twitter_card":"summary_large_image","twitter_misc":{"Dur\u00e9e de lecture estim\u00e9e":"3 minutes"},"schema":{"@context":"https:\/\/schema.org","@graph":[{"@type":"WebPage","@id":"https:\/\/www.diemmeoffice.com\/fr\/pcon\/","url":"https:\/\/www.diemmeoffice.com\/fr\/pcon\/","name":"Configurer les collections Diemme sur pCon.planner | Diemme Office","isPartOf":{"@id":"https:\/\/www.diemmeoffice.com\/fr\/#website"},"primaryImageOfPage":{"@id":"https:\/\/www.diemmeoffice.com\/fr\/pcon\/#primaryimage"},"image":{"@id":"https:\/\/www.diemmeoffice.com\/fr\/pcon\/#primaryimage"},"thumbnailUrl":"https:\/\/www.diemmeoffice.com\/wp-content\/uploads\/2023\/02\/diemme-pcon-02.jpg","datePublished":"2023-02-10T10:48:55+00:00","dateModified":"2025-05-14T12:04:38+00:00","description":"R\u00e9aliser vos projets en 3D en choisissant parmi nos si\u00e8ges les plus prestigieux et \u00e9pater vos clients avec des projets \u00e9poustouflants.","breadcrumb":{"@id":"https:\/\/www.diemmeoffice.com\/fr\/pcon\/#breadcrumb"},"inLanguage":"fr-FR","potentialAction":[{"@type":"ReadAction","target":["https:\/\/www.diemmeoffice.com\/fr\/pcon\/"]}]},{"@type":"ImageObject","inLanguage":"fr-FR","@id":"https:\/\/www.diemmeoffice.com\/fr\/pcon\/#primaryimage","url":"https:\/\/www.diemmeoffice.com\/wp-content\/uploads\/2023\/02\/diemme-pcon-02.jpg","contentUrl":"https:\/\/www.diemmeoffice.com\/wp-content\/uploads\/2023\/02\/diemme-pcon-02.jpg","width":1920,"height":1080,"caption":"diemme su pcon"},{"@type":"BreadcrumbList","@id":"https:\/\/www.diemmeoffice.com\/fr\/pcon\/#breadcrumb","itemListElement":[{"@type":"ListItem","position":1,"name":"Home","item":"https:\/\/www.diemmeoffice.com\/fr\/"},{"@type":"ListItem","position":2,"name":"Configurer les collections Diemme sur pCon.planner"}]},{"@type":"WebSite","@id":"https:\/\/www.diemmeoffice.com\/fr\/#website","url":"https:\/\/www.diemmeoffice.com\/fr\/","name":"Diemme Office","description":"Sedute per ufficio e contract","publisher":{"@id":"https:\/\/www.diemmeoffice.com\/fr\/#organization"},"potentialAction":[{"@type":"SearchAction","target":{"@type":"EntryPoint","urlTemplate":"https:\/\/www.diemmeoffice.com\/fr\/?s={search_term_string}"},"query-input":{"@type":"PropertyValueSpecification","valueRequired":true,"valueName":"search_term_string"}}],"inLanguage":"fr-FR"},{"@type":"Organization","@id":"https:\/\/www.diemmeoffice.com\/fr\/#organization","name":"DIEMME S.r.l.","url":"https:\/\/www.diemmeoffice.com\/fr\/","logo":{"@type":"ImageObject","inLanguage":"fr-FR","@id":"https:\/\/www.diemmeoffice.com\/fr\/#\/schema\/logo\/image\/","url":"https:\/\/www.diemmeoffice.com\/wp-content\/uploads\/2020\/04\/Diemme-retina.png","contentUrl":"https:\/\/www.diemmeoffice.com\/wp-content\/uploads\/2020\/04\/Diemme-retina.png","width":272,"height":47,"caption":"DIEMME S.r.l."},"image":{"@id":"https:\/\/www.diemmeoffice.com\/fr\/#\/schema\/logo\/image\/"}}]}},"_links":{"self":[{"href":"https:\/\/www.diemmeoffice.com\/fr\/wp-json\/wp\/v2\/pages\/16136","targetHints":{"allow":["GET"]}}],"collection":[{"href":"https:\/\/www.diemmeoffice.com\/fr\/wp-json\/wp\/v2\/pages"}],"about":[{"href":"https:\/\/www.diemmeoffice.com\/fr\/wp-json\/wp\/v2\/types\/page"}],"author":[{"embeddable":true,"href":"https:\/\/www.diemmeoffice.com\/fr\/wp-json\/wp\/v2\/users\/1"}],"replies":[{"embeddable":true,"href":"https:\/\/www.diemmeoffice.com\/fr\/wp-json\/wp\/v2\/comments?post=16136"}],"version-history":[{"count":0,"href":"https:\/\/www.diemmeoffice.com\/fr\/wp-json\/wp\/v2\/pages\/16136\/revisions"}],"wp:featuredmedia":[{"embeddable":true,"href":"https:\/\/www.diemmeoffice.com\/fr\/wp-json\/wp\/v2\/media\/16068"}],"wp:attachment":[{"href":"https:\/\/www.diemmeoffice.com\/fr\/wp-json\/wp\/v2\/media?parent=16136"}],"curies":[{"name":"wp","href":"https:\/\/api.w.org\/{rel}","templated":true}]}}