{"id":4326,"date":"2020-05-12T15:04:14","date_gmt":"2020-05-12T13:04:14","guid":{"rendered":"https:\/\/www.diemmeoffice.com\/?page_id=4326"},"modified":"2025-10-02T15:05:36","modified_gmt":"2025-10-02T13:05:36","slug":"designers","status":"publish","type":"page","link":"https:\/\/www.diemmeoffice.com\/fr\/designers\/","title":{"rendered":"Designer"},"content":{"rendered":"<div class=\"wpb-content-wrapper\"><p>[vc_row][vc_column offset=\u00a0\u00bbvc_col-lg-offset-2 vc_col-lg-8 vc_col-md-offset-2 vc_col-md-8&Prime;][vc_column_text el_class=\u00a0\u00bblead\u00a0\u00bb]Assises qui apparaissent clairement \u00e0 l\u2019aise, affichant comme dans une peinture l\u2019id\u00e9e m\u00eame de relaxation, quelque chose enveloppant sur lequel \u00eatre abandonn\u00e9.[\/vc_column_text][vc_column_text]Une sobri\u00e9t\u00e9 de design qui n\u2019est jamais le r\u00e9sultat d\u2019une simplification, mais plut\u00f4t une recherche subtile de l\u2019\u00e9quilibre.<br \/>\nUne qualit\u00e9 qui est une s\u00e9lection des meilleurs mat\u00e9riaux, un travail soign\u00e9 et particulier, une attention aux d\u00e9tails et une recherche quotidienne d\u2019innovation technologique. Une fa\u00e7on particuli\u00e8re d\u2019imaginer et de produire nos produits.<br \/>\n<strong>Diemme est tout cela.<\/strong>[\/vc_column_text][\/vc_column][\/vc_row][vc_row full_width=\u00a0\u00bbstretch_row\u00a0\u00bb gap=\u00a0\u00bb35&Prime;][vc_column][vc_basic_grid post_type=\u00a0\u00bbdesigner\u00a0\u00bb max_items=\u00a0\u00bb-1&Prime; element_width=\u00a0\u00bb6&Prime; gap=\u00a0\u00bb35&Prime; orderby=\u00a0\u00bbtitle\u00a0\u00bb order=\u00a0\u00bbASC\u00a0\u00bb item=\u00a0\u00bb3232&Prime; initial_loading_animation=\u00a0\u00bbnone\u00a0\u00bb css=\u00a0\u00bb\u00a0\u00bb grid_id=\u00a0\u00bbvc_gid:1759410302065-fd103946-eaed-4&Prime;][\/vc_column][\/vc_row]<\/p>\n<\/div>","protected":false},"excerpt":{"rendered":"<p>[vc_row][vc_column offset=\u00a0\u00bbvc_col-lg-offset-2 vc_col-lg-8 vc_col-md-offset-2 vc_col-md-8&Prime;][vc_column_text el_class=\u00a0\u00bblead\u00a0\u00bb]Assises qui apparaissent clairement \u00e0 l\u2019aise, affichant comme dans une peinture l\u2019id\u00e9e m\u00eame de relaxation, quelque chose enveloppant sur lequel \u00eatre abandonn\u00e9.[\/vc_column_text][vc_column_text]Une sobri\u00e9t\u00e9 de design qui n\u2019est jamais le r\u00e9sultat d\u2019une simplification, mais plut\u00f4t une recherche subtile de l\u2019\u00e9quilibre. Une qualit\u00e9 qui est une s\u00e9lection des meilleurs mat\u00e9riaux, un travail&hellip;<\/p>\n","protected":false},"author":1,"featured_media":0,"parent":0,"menu_order":0,"comment_status":"closed","ping_status":"closed","template":"","meta":{"_acf_changed":false,"footnotes":""},"class_list":["post-4326","page","type-page","status-publish","hentry","description-off"],"acf":[],"yoast_head":"<!-- This site is optimized with the Yoast SEO plugin v27.4 - https:\/\/yoast.com\/product\/yoast-seo-wordpress\/ -->\n<title>Designer | Diemme Office<\/title>\n<meta name=\"description\" content=\"Assises qui apparaissent clairement \u00e0 l\u2019aise, affichant comme dans une peinture l\u2019id\u00e9e m\u00eame de relaxation, quelque chose enveloppant sur lequel \u00eatre\" \/>\n<meta name=\"robots\" content=\"index, follow, max-snippet:-1, max-image-preview:large, max-video-preview:-1\" \/>\n<link rel=\"canonical\" href=\"https:\/\/www.diemmeoffice.com\/fr\/designers\/\" \/>\n<meta property=\"og:locale\" content=\"fr_FR\" \/>\n<meta property=\"og:type\" content=\"article\" \/>\n<meta property=\"og:title\" content=\"Designer | Diemme Office\" \/>\n<meta property=\"og:description\" content=\"Assises qui apparaissent clairement \u00e0 l\u2019aise, affichant comme dans une peinture l\u2019id\u00e9e m\u00eame de relaxation, quelque chose enveloppant sur lequel \u00eatre\" \/>\n<meta property=\"og:url\" content=\"https:\/\/www.diemmeoffice.com\/fr\/designers\/\" \/>\n<meta property=\"og:site_name\" content=\"Diemme Office\" \/>\n<meta property=\"article:modified_time\" content=\"2025-10-02T13:05:36+00:00\" \/>\n<meta property=\"og:image\" content=\"https:\/\/www.diemmeoffice.com\/wp-content\/uploads\/2020\/04\/Diemme-retina-1.png\" \/>\n\t<meta property=\"og:image:width\" content=\"400\" \/>\n\t<meta property=\"og:image:height\" content=\"69\" \/>\n\t<meta property=\"og:image:type\" content=\"image\/png\" \/>\n<meta name=\"twitter:card\" content=\"summary_large_image\" \/>\n<meta name=\"twitter:label1\" content=\"Dur\u00e9e de lecture estim\u00e9e\" \/>\n\t<meta name=\"twitter:data1\" content=\"1 minute\" \/>\n<script type=\"application\/ld+json\" class=\"yoast-schema-graph\">{\"@context\":\"https:\\\/\\\/schema.org\",\"@graph\":[{\"@type\":\"WebPage\",\"@id\":\"https:\\\/\\\/www.diemmeoffice.com\\\/fr\\\/designers\\\/\",\"url\":\"https:\\\/\\\/www.diemmeoffice.com\\\/fr\\\/designers\\\/\",\"name\":\"Designer | Diemme Office\",\"isPartOf\":{\"@id\":\"https:\\\/\\\/www.diemmeoffice.com\\\/fr\\\/#website\"},\"datePublished\":\"2020-05-12T13:04:14+00:00\",\"dateModified\":\"2025-10-02T13:05:36+00:00\",\"description\":\"Assises qui apparaissent clairement \u00e0 l\u2019aise, affichant comme dans une peinture l\u2019id\u00e9e m\u00eame de relaxation, quelque chose enveloppant sur lequel \u00eatre\",\"breadcrumb\":{\"@id\":\"https:\\\/\\\/www.diemmeoffice.com\\\/fr\\\/designers\\\/#breadcrumb\"},\"inLanguage\":\"fr-FR\",\"potentialAction\":[{\"@type\":\"ReadAction\",\"target\":[\"https:\\\/\\\/www.diemmeoffice.com\\\/fr\\\/designers\\\/\"]}]},{\"@type\":\"BreadcrumbList\",\"@id\":\"https:\\\/\\\/www.diemmeoffice.com\\\/fr\\\/designers\\\/#breadcrumb\",\"itemListElement\":[{\"@type\":\"ListItem\",\"position\":1,\"name\":\"Home\",\"item\":\"https:\\\/\\\/www.diemmeoffice.com\\\/fr\\\/\"},{\"@type\":\"ListItem\",\"position\":2,\"name\":\"Designer\"}]},{\"@type\":\"WebSite\",\"@id\":\"https:\\\/\\\/www.diemmeoffice.com\\\/fr\\\/#website\",\"url\":\"https:\\\/\\\/www.diemmeoffice.com\\\/fr\\\/\",\"name\":\"Diemme Office\",\"description\":\"Sedute per ufficio e contract\",\"publisher\":{\"@id\":\"https:\\\/\\\/www.diemmeoffice.com\\\/fr\\\/#organization\"},\"potentialAction\":[{\"@type\":\"SearchAction\",\"target\":{\"@type\":\"EntryPoint\",\"urlTemplate\":\"https:\\\/\\\/www.diemmeoffice.com\\\/fr\\\/?s={search_term_string}\"},\"query-input\":{\"@type\":\"PropertyValueSpecification\",\"valueRequired\":true,\"valueName\":\"search_term_string\"}}],\"inLanguage\":\"fr-FR\"},{\"@type\":\"Organization\",\"@id\":\"https:\\\/\\\/www.diemmeoffice.com\\\/fr\\\/#organization\",\"name\":\"DIEMME S.r.l.\",\"url\":\"https:\\\/\\\/www.diemmeoffice.com\\\/fr\\\/\",\"logo\":{\"@type\":\"ImageObject\",\"inLanguage\":\"fr-FR\",\"@id\":\"https:\\\/\\\/www.diemmeoffice.com\\\/fr\\\/#\\\/schema\\\/logo\\\/image\\\/\",\"url\":\"https:\\\/\\\/www.diemmeoffice.com\\\/wp-content\\\/uploads\\\/2020\\\/04\\\/Diemme-retina.png\",\"contentUrl\":\"https:\\\/\\\/www.diemmeoffice.com\\\/wp-content\\\/uploads\\\/2020\\\/04\\\/Diemme-retina.png\",\"width\":272,\"height\":47,\"caption\":\"DIEMME S.r.l.\"},\"image\":{\"@id\":\"https:\\\/\\\/www.diemmeoffice.com\\\/fr\\\/#\\\/schema\\\/logo\\\/image\\\/\"}}]}<\/script>\n<!-- \/ Yoast SEO plugin. -->","yoast_head_json":{"title":"Designer | Diemme Office","description":"Assises qui apparaissent clairement \u00e0 l\u2019aise, affichant comme dans une peinture l\u2019id\u00e9e m\u00eame de relaxation, quelque chose enveloppant sur lequel \u00eatre","robots":{"index":"index","follow":"follow","max-snippet":"max-snippet:-1","max-image-preview":"max-image-preview:large","max-video-preview":"max-video-preview:-1"},"canonical":"https:\/\/www.diemmeoffice.com\/fr\/designers\/","og_locale":"fr_FR","og_type":"article","og_title":"Designer | Diemme Office","og_description":"Assises qui apparaissent clairement \u00e0 l\u2019aise, affichant comme dans une peinture l\u2019id\u00e9e m\u00eame de relaxation, quelque chose enveloppant sur lequel \u00eatre","og_url":"https:\/\/www.diemmeoffice.com\/fr\/designers\/","og_site_name":"Diemme Office","article_modified_time":"2025-10-02T13:05:36+00:00","og_image":[{"width":400,"height":69,"url":"https:\/\/www.diemmeoffice.com\/wp-content\/uploads\/2020\/04\/Diemme-retina-1.png","type":"image\/png"}],"twitter_card":"summary_large_image","twitter_misc":{"Dur\u00e9e de lecture estim\u00e9e":"1 minute"},"schema":{"@context":"https:\/\/schema.org","@graph":[{"@type":"WebPage","@id":"https:\/\/www.diemmeoffice.com\/fr\/designers\/","url":"https:\/\/www.diemmeoffice.com\/fr\/designers\/","name":"Designer | Diemme Office","isPartOf":{"@id":"https:\/\/www.diemmeoffice.com\/fr\/#website"},"datePublished":"2020-05-12T13:04:14+00:00","dateModified":"2025-10-02T13:05:36+00:00","description":"Assises qui apparaissent clairement \u00e0 l\u2019aise, affichant comme dans une peinture l\u2019id\u00e9e m\u00eame de relaxation, quelque chose enveloppant sur lequel \u00eatre","breadcrumb":{"@id":"https:\/\/www.diemmeoffice.com\/fr\/designers\/#breadcrumb"},"inLanguage":"fr-FR","potentialAction":[{"@type":"ReadAction","target":["https:\/\/www.diemmeoffice.com\/fr\/designers\/"]}]},{"@type":"BreadcrumbList","@id":"https:\/\/www.diemmeoffice.com\/fr\/designers\/#breadcrumb","itemListElement":[{"@type":"ListItem","position":1,"name":"Home","item":"https:\/\/www.diemmeoffice.com\/fr\/"},{"@type":"ListItem","position":2,"name":"Designer"}]},{"@type":"WebSite","@id":"https:\/\/www.diemmeoffice.com\/fr\/#website","url":"https:\/\/www.diemmeoffice.com\/fr\/","name":"Diemme Office","description":"Sedute per ufficio e contract","publisher":{"@id":"https:\/\/www.diemmeoffice.com\/fr\/#organization"},"potentialAction":[{"@type":"SearchAction","target":{"@type":"EntryPoint","urlTemplate":"https:\/\/www.diemmeoffice.com\/fr\/?s={search_term_string}"},"query-input":{"@type":"PropertyValueSpecification","valueRequired":true,"valueName":"search_term_string"}}],"inLanguage":"fr-FR"},{"@type":"Organization","@id":"https:\/\/www.diemmeoffice.com\/fr\/#organization","name":"DIEMME S.r.l.","url":"https:\/\/www.diemmeoffice.com\/fr\/","logo":{"@type":"ImageObject","inLanguage":"fr-FR","@id":"https:\/\/www.diemmeoffice.com\/fr\/#\/schema\/logo\/image\/","url":"https:\/\/www.diemmeoffice.com\/wp-content\/uploads\/2020\/04\/Diemme-retina.png","contentUrl":"https:\/\/www.diemmeoffice.com\/wp-content\/uploads\/2020\/04\/Diemme-retina.png","width":272,"height":47,"caption":"DIEMME S.r.l."},"image":{"@id":"https:\/\/www.diemmeoffice.com\/fr\/#\/schema\/logo\/image\/"}}]}},"_links":{"self":[{"href":"https:\/\/www.diemmeoffice.com\/fr\/wp-json\/wp\/v2\/pages\/4326","targetHints":{"allow":["GET"]}}],"collection":[{"href":"https:\/\/www.diemmeoffice.com\/fr\/wp-json\/wp\/v2\/pages"}],"about":[{"href":"https:\/\/www.diemmeoffice.com\/fr\/wp-json\/wp\/v2\/types\/page"}],"author":[{"embeddable":true,"href":"https:\/\/www.diemmeoffice.com\/fr\/wp-json\/wp\/v2\/users\/1"}],"replies":[{"embeddable":true,"href":"https:\/\/www.diemmeoffice.com\/fr\/wp-json\/wp\/v2\/comments?post=4326"}],"version-history":[{"count":0,"href":"https:\/\/www.diemmeoffice.com\/fr\/wp-json\/wp\/v2\/pages\/4326\/revisions"}],"wp:attachment":[{"href":"https:\/\/www.diemmeoffice.com\/fr\/wp-json\/wp\/v2\/media?parent=4326"}],"curies":[{"name":"wp","href":"https:\/\/api.w.org\/{rel}","templated":true}]}}