{"id":4353,"date":"2020-05-13T14:21:43","date_gmt":"2020-05-13T12:21:43","guid":{"rendered":"https:\/\/www.diemmeoffice.com\/?page_id=4353"},"modified":"2020-07-14T07:38:31","modified_gmt":"2020-07-14T05:38:31","slug":"toutes-les-collections","status":"publish","type":"page","link":"https:\/\/www.diemmeoffice.com\/fr\/toutes-les-collections\/","title":{"rendered":"Collections"},"content":{"rendered":"<div class=\"wpb-content-wrapper\"><p>[vc_row][vc_column offset=\u00a0\u00bbvc_col-lg-offset-2 vc_col-lg-8 vc_col-md-offset-2 vc_col-md-8&Prime;][vc_column_text el_class=\u00a0\u00bblead\u00a0\u00bb]Nous sommes conscients que la qualit\u00e9 de l&rsquo;espace dans lequel nous nous trouvons affecte tout, de la sant\u00e9 au travail, de la cr\u00e9ativit\u00e9 \u00e0 la collaboration.[\/vc_column_text][vc_column_text]Le design est un processus cr\u00e9atif n\u00e9 d\u2019un besoin collectif concret. Ces derni\u00e8res ann\u00e9es, la fa\u00e7on d\u2019utiliser les environnements de travail a \u00e9volu\u00e9; les besoins auxquels le design est appel\u00e9 \u00e0 r\u00e9pondre ont donc chang\u00e9s. Nous nous sommes lib\u00e9r\u00e9s d\u2019une rigidit\u00e9 mentale qui p\u00e9nalisait le monde du bureau, organis\u00e9 par des compartiments ferm\u00e9s, avec des structures pr\u00e9d\u00e9finies qui rendaient le partage difficile. Ainsi \u00e9merge la n\u00e9cessit\u00e9 de cr\u00e9er des environnements flexibles et ouverts qui favorisent les \u00e9changes et les interactions; des environnements qui favorisent une atmosph\u00e8re de s\u00e9r\u00e9nit\u00e9, dans laquelle la communication avec l\u2019autre est non seulement n\u00e9cessaire mais \u00e9galement satisfaisante. Nous sommes conscients que la qualit\u00e9 de l\u2019espace dans lequel nous nous trouvons affecte tout, de la sant\u00e9 au travail, de la cr\u00e9ativit\u00e9 \u00e0 la collaboration.[\/vc_column_text][\/vc_column][\/vc_row][vc_row bg_type=\u00a0\u00bbbg_color\u00a0\u00bb][vc_column][vc_basic_grid post_type=\u00a0\u00bbcollezioni\u00a0\u00bb max_items=\u00a0\u00bb-1&Prime; style=\u00a0\u00bbpagination\u00a0\u00bb items_per_page=\u00a0\u00bb9&Prime; show_filter=\u00a0\u00bbyes\u00a0\u00bb gap=\u00a0\u00bb20&Prime; filter_style=\u00a0\u00bbbordered\u00a0\u00bb filter_default_title=\u00a0\u00bb\u00a0\u00bb filter_color=\u00a0\u00bbwhite\u00a0\u00bb paging_design=\u00a0\u00bbpagination_square_dark\u00a0\u00bb item=\u00a0\u00bb3390&Prime; grid_id=\u00a0\u00bbvc_gid:1594703113973-9ef28677-43b3-5&Prime; filter_source=\u00a0\u00bbambienti\u00a0\u00bb el_class=\u00a0\u00bbgridCollezioni\u00a0\u00bb][\/vc_column][\/vc_row]<\/p>\n<\/div>","protected":false},"excerpt":{"rendered":"<p>[vc_row][vc_column offset=\u00a0\u00bbvc_col-lg-offset-2 vc_col-lg-8 vc_col-md-offset-2 vc_col-md-8&Prime;][vc_column_text el_class=\u00a0\u00bblead\u00a0\u00bb]Nous sommes conscients que la qualit\u00e9 de l&rsquo;espace dans lequel nous nous trouvons affecte tout, de la sant\u00e9 au travail, de la cr\u00e9ativit\u00e9 \u00e0 la collaboration.[\/vc_column_text][vc_column_text]Le design est un processus cr\u00e9atif n\u00e9 d\u2019un besoin collectif concret. Ces derni\u00e8res ann\u00e9es, la fa\u00e7on d\u2019utiliser les environnements de travail a \u00e9volu\u00e9; les besoins&hellip;<\/p>\n","protected":false},"author":1,"featured_media":8359,"parent":0,"menu_order":0,"comment_status":"closed","ping_status":"closed","template":"","meta":{"_acf_changed":false,"footnotes":""},"class_list":["post-4353","page","type-page","status-publish","has-post-thumbnail","hentry","description-off"],"acf":[],"yoast_head":"<!-- This site is optimized with the Yoast SEO plugin v27.4 - https:\/\/yoast.com\/product\/yoast-seo-wordpress\/ -->\n<title>Collections | Diemme Office<\/title>\n<meta name=\"description\" content=\"Nous sommes conscients que la qualit\u00e9 de l&#039;espace dans lequel nous nous trouvons affecte tout, de la sant\u00e9 au travail, de la cr\u00e9ativit\u00e9 \u00e0 la\" \/>\n<meta name=\"robots\" content=\"index, follow, max-snippet:-1, max-image-preview:large, max-video-preview:-1\" \/>\n<link rel=\"canonical\" href=\"https:\/\/www.diemmeoffice.com\/fr\/toutes-les-collections\/\" \/>\n<meta property=\"og:locale\" content=\"fr_FR\" \/>\n<meta property=\"og:type\" content=\"article\" \/>\n<meta property=\"og:title\" content=\"Collections | Diemme Office\" \/>\n<meta property=\"og:description\" content=\"Nous sommes conscients que la qualit\u00e9 de l&#039;espace dans lequel nous nous trouvons affecte tout, de la sant\u00e9 au travail, de la cr\u00e9ativit\u00e9 \u00e0 la\" \/>\n<meta property=\"og:url\" content=\"https:\/\/www.diemmeoffice.com\/fr\/toutes-les-collections\/\" \/>\n<meta property=\"og:site_name\" content=\"Diemme Office\" \/>\n<meta property=\"article:modified_time\" content=\"2020-07-14T05:38:31+00:00\" \/>\n<meta property=\"og:image\" content=\"https:\/\/www.diemmeoffice.com\/wp-content\/uploads\/2020\/07\/velvet_famiglia.jpg\" \/>\n\t<meta property=\"og:image:width\" content=\"1400\" \/>\n\t<meta property=\"og:image:height\" content=\"1050\" \/>\n\t<meta property=\"og:image:type\" content=\"image\/jpeg\" \/>\n<meta name=\"twitter:card\" content=\"summary_large_image\" \/>\n<meta name=\"twitter:label1\" content=\"Dur\u00e9e de lecture estim\u00e9e\" \/>\n\t<meta name=\"twitter:data1\" content=\"1 minute\" \/>\n<script type=\"application\/ld+json\" class=\"yoast-schema-graph\">{\"@context\":\"https:\\\/\\\/schema.org\",\"@graph\":[{\"@type\":\"WebPage\",\"@id\":\"https:\\\/\\\/www.diemmeoffice.com\\\/fr\\\/toutes-les-collections\\\/\",\"url\":\"https:\\\/\\\/www.diemmeoffice.com\\\/fr\\\/toutes-les-collections\\\/\",\"name\":\"Collections | Diemme Office\",\"isPartOf\":{\"@id\":\"https:\\\/\\\/www.diemmeoffice.com\\\/fr\\\/#website\"},\"primaryImageOfPage\":{\"@id\":\"https:\\\/\\\/www.diemmeoffice.com\\\/fr\\\/toutes-les-collections\\\/#primaryimage\"},\"image\":{\"@id\":\"https:\\\/\\\/www.diemmeoffice.com\\\/fr\\\/toutes-les-collections\\\/#primaryimage\"},\"thumbnailUrl\":\"https:\\\/\\\/www.diemmeoffice.com\\\/wp-content\\\/uploads\\\/2020\\\/07\\\/velvet_famiglia.jpg\",\"datePublished\":\"2020-05-13T12:21:43+00:00\",\"dateModified\":\"2020-07-14T05:38:31+00:00\",\"description\":\"Nous sommes conscients que la qualit\u00e9 de l'espace dans lequel nous nous trouvons affecte tout, de la sant\u00e9 au travail, de la cr\u00e9ativit\u00e9 \u00e0 la\",\"breadcrumb\":{\"@id\":\"https:\\\/\\\/www.diemmeoffice.com\\\/fr\\\/toutes-les-collections\\\/#breadcrumb\"},\"inLanguage\":\"fr-FR\",\"potentialAction\":[{\"@type\":\"ReadAction\",\"target\":[\"https:\\\/\\\/www.diemmeoffice.com\\\/fr\\\/toutes-les-collections\\\/\"]}]},{\"@type\":\"ImageObject\",\"inLanguage\":\"fr-FR\",\"@id\":\"https:\\\/\\\/www.diemmeoffice.com\\\/fr\\\/toutes-les-collections\\\/#primaryimage\",\"url\":\"https:\\\/\\\/www.diemmeoffice.com\\\/wp-content\\\/uploads\\\/2020\\\/07\\\/velvet_famiglia.jpg\",\"contentUrl\":\"https:\\\/\\\/www.diemmeoffice.com\\\/wp-content\\\/uploads\\\/2020\\\/07\\\/velvet_famiglia.jpg\",\"width\":1400,\"height\":1050,\"caption\":\"Collezioni sedie ufficio Diemme\"},{\"@type\":\"BreadcrumbList\",\"@id\":\"https:\\\/\\\/www.diemmeoffice.com\\\/fr\\\/toutes-les-collections\\\/#breadcrumb\",\"itemListElement\":[{\"@type\":\"ListItem\",\"position\":1,\"name\":\"Home\",\"item\":\"https:\\\/\\\/www.diemmeoffice.com\\\/fr\\\/\"},{\"@type\":\"ListItem\",\"position\":2,\"name\":\"Collections\"}]},{\"@type\":\"WebSite\",\"@id\":\"https:\\\/\\\/www.diemmeoffice.com\\\/fr\\\/#website\",\"url\":\"https:\\\/\\\/www.diemmeoffice.com\\\/fr\\\/\",\"name\":\"Diemme Office\",\"description\":\"Sedute per ufficio e contract\",\"publisher\":{\"@id\":\"https:\\\/\\\/www.diemmeoffice.com\\\/fr\\\/#organization\"},\"potentialAction\":[{\"@type\":\"SearchAction\",\"target\":{\"@type\":\"EntryPoint\",\"urlTemplate\":\"https:\\\/\\\/www.diemmeoffice.com\\\/fr\\\/?s={search_term_string}\"},\"query-input\":{\"@type\":\"PropertyValueSpecification\",\"valueRequired\":true,\"valueName\":\"search_term_string\"}}],\"inLanguage\":\"fr-FR\"},{\"@type\":\"Organization\",\"@id\":\"https:\\\/\\\/www.diemmeoffice.com\\\/fr\\\/#organization\",\"name\":\"DIEMME S.r.l.\",\"url\":\"https:\\\/\\\/www.diemmeoffice.com\\\/fr\\\/\",\"logo\":{\"@type\":\"ImageObject\",\"inLanguage\":\"fr-FR\",\"@id\":\"https:\\\/\\\/www.diemmeoffice.com\\\/fr\\\/#\\\/schema\\\/logo\\\/image\\\/\",\"url\":\"https:\\\/\\\/www.diemmeoffice.com\\\/wp-content\\\/uploads\\\/2020\\\/04\\\/Diemme-retina.png\",\"contentUrl\":\"https:\\\/\\\/www.diemmeoffice.com\\\/wp-content\\\/uploads\\\/2020\\\/04\\\/Diemme-retina.png\",\"width\":272,\"height\":47,\"caption\":\"DIEMME S.r.l.\"},\"image\":{\"@id\":\"https:\\\/\\\/www.diemmeoffice.com\\\/fr\\\/#\\\/schema\\\/logo\\\/image\\\/\"}}]}<\/script>\n<!-- \/ Yoast SEO plugin. -->","yoast_head_json":{"title":"Collections | Diemme Office","description":"Nous sommes conscients que la qualit\u00e9 de l'espace dans lequel nous nous trouvons affecte tout, de la sant\u00e9 au travail, de la cr\u00e9ativit\u00e9 \u00e0 la","robots":{"index":"index","follow":"follow","max-snippet":"max-snippet:-1","max-image-preview":"max-image-preview:large","max-video-preview":"max-video-preview:-1"},"canonical":"https:\/\/www.diemmeoffice.com\/fr\/toutes-les-collections\/","og_locale":"fr_FR","og_type":"article","og_title":"Collections | Diemme Office","og_description":"Nous sommes conscients que la qualit\u00e9 de l'espace dans lequel nous nous trouvons affecte tout, de la sant\u00e9 au travail, de la cr\u00e9ativit\u00e9 \u00e0 la","og_url":"https:\/\/www.diemmeoffice.com\/fr\/toutes-les-collections\/","og_site_name":"Diemme Office","article_modified_time":"2020-07-14T05:38:31+00:00","og_image":[{"width":1400,"height":1050,"url":"https:\/\/www.diemmeoffice.com\/wp-content\/uploads\/2020\/07\/velvet_famiglia.jpg","type":"image\/jpeg"}],"twitter_card":"summary_large_image","twitter_misc":{"Dur\u00e9e de lecture estim\u00e9e":"1 minute"},"schema":{"@context":"https:\/\/schema.org","@graph":[{"@type":"WebPage","@id":"https:\/\/www.diemmeoffice.com\/fr\/toutes-les-collections\/","url":"https:\/\/www.diemmeoffice.com\/fr\/toutes-les-collections\/","name":"Collections | Diemme Office","isPartOf":{"@id":"https:\/\/www.diemmeoffice.com\/fr\/#website"},"primaryImageOfPage":{"@id":"https:\/\/www.diemmeoffice.com\/fr\/toutes-les-collections\/#primaryimage"},"image":{"@id":"https:\/\/www.diemmeoffice.com\/fr\/toutes-les-collections\/#primaryimage"},"thumbnailUrl":"https:\/\/www.diemmeoffice.com\/wp-content\/uploads\/2020\/07\/velvet_famiglia.jpg","datePublished":"2020-05-13T12:21:43+00:00","dateModified":"2020-07-14T05:38:31+00:00","description":"Nous sommes conscients que la qualit\u00e9 de l'espace dans lequel nous nous trouvons affecte tout, de la sant\u00e9 au travail, de la cr\u00e9ativit\u00e9 \u00e0 la","breadcrumb":{"@id":"https:\/\/www.diemmeoffice.com\/fr\/toutes-les-collections\/#breadcrumb"},"inLanguage":"fr-FR","potentialAction":[{"@type":"ReadAction","target":["https:\/\/www.diemmeoffice.com\/fr\/toutes-les-collections\/"]}]},{"@type":"ImageObject","inLanguage":"fr-FR","@id":"https:\/\/www.diemmeoffice.com\/fr\/toutes-les-collections\/#primaryimage","url":"https:\/\/www.diemmeoffice.com\/wp-content\/uploads\/2020\/07\/velvet_famiglia.jpg","contentUrl":"https:\/\/www.diemmeoffice.com\/wp-content\/uploads\/2020\/07\/velvet_famiglia.jpg","width":1400,"height":1050,"caption":"Collezioni sedie ufficio Diemme"},{"@type":"BreadcrumbList","@id":"https:\/\/www.diemmeoffice.com\/fr\/toutes-les-collections\/#breadcrumb","itemListElement":[{"@type":"ListItem","position":1,"name":"Home","item":"https:\/\/www.diemmeoffice.com\/fr\/"},{"@type":"ListItem","position":2,"name":"Collections"}]},{"@type":"WebSite","@id":"https:\/\/www.diemmeoffice.com\/fr\/#website","url":"https:\/\/www.diemmeoffice.com\/fr\/","name":"Diemme Office","description":"Sedute per ufficio e contract","publisher":{"@id":"https:\/\/www.diemmeoffice.com\/fr\/#organization"},"potentialAction":[{"@type":"SearchAction","target":{"@type":"EntryPoint","urlTemplate":"https:\/\/www.diemmeoffice.com\/fr\/?s={search_term_string}"},"query-input":{"@type":"PropertyValueSpecification","valueRequired":true,"valueName":"search_term_string"}}],"inLanguage":"fr-FR"},{"@type":"Organization","@id":"https:\/\/www.diemmeoffice.com\/fr\/#organization","name":"DIEMME S.r.l.","url":"https:\/\/www.diemmeoffice.com\/fr\/","logo":{"@type":"ImageObject","inLanguage":"fr-FR","@id":"https:\/\/www.diemmeoffice.com\/fr\/#\/schema\/logo\/image\/","url":"https:\/\/www.diemmeoffice.com\/wp-content\/uploads\/2020\/04\/Diemme-retina.png","contentUrl":"https:\/\/www.diemmeoffice.com\/wp-content\/uploads\/2020\/04\/Diemme-retina.png","width":272,"height":47,"caption":"DIEMME S.r.l."},"image":{"@id":"https:\/\/www.diemmeoffice.com\/fr\/#\/schema\/logo\/image\/"}}]}},"_links":{"self":[{"href":"https:\/\/www.diemmeoffice.com\/fr\/wp-json\/wp\/v2\/pages\/4353","targetHints":{"allow":["GET"]}}],"collection":[{"href":"https:\/\/www.diemmeoffice.com\/fr\/wp-json\/wp\/v2\/pages"}],"about":[{"href":"https:\/\/www.diemmeoffice.com\/fr\/wp-json\/wp\/v2\/types\/page"}],"author":[{"embeddable":true,"href":"https:\/\/www.diemmeoffice.com\/fr\/wp-json\/wp\/v2\/users\/1"}],"replies":[{"embeddable":true,"href":"https:\/\/www.diemmeoffice.com\/fr\/wp-json\/wp\/v2\/comments?post=4353"}],"version-history":[{"count":0,"href":"https:\/\/www.diemmeoffice.com\/fr\/wp-json\/wp\/v2\/pages\/4353\/revisions"}],"wp:featuredmedia":[{"embeddable":true,"href":"https:\/\/www.diemmeoffice.com\/fr\/wp-json\/wp\/v2\/media\/8359"}],"wp:attachment":[{"href":"https:\/\/www.diemmeoffice.com\/fr\/wp-json\/wp\/v2\/media?parent=4353"}],"curies":[{"name":"wp","href":"https:\/\/api.w.org\/{rel}","templated":true}]}}